{"id":119044,"date":"2022-05-20T12:20:44","date_gmt":"2022-05-20T10:21:01","guid":{"rendered":"https:\/\/www.laperlavalles.cat\/product\/cantu-acc-style-part-twist-set\/"},"modified":"2025-01-29T10:25:00","modified_gmt":"2025-01-29T09:25:00","slug":"cantu-acc-style-part-twist-set","status":"publish","type":"product","link":"https:\/\/www.laperlavalles.cat\/fr\/produit\/cantu-acc-style-part-twist-set\/","title":{"rendered":"CANTU ACC STYLE PART &amp; TWIST SET"},"content":{"rendered":"<p>Ce set comprend un peigne en spirale de conception unique et un peigne \u00e0 queue en m\u00e9tal. Le peigne en spirale est con\u00e7u avec des dents plus courtes et plus larges et un manche rond pour une rotation plus rapide lors de la cr\u00e9ation de boucles. Le peigne m\u00e9tallique peut \u00eatre utilis\u00e9 pour r\u00e9aliser des s\u00e9parations pr\u00e9cises.<\/p>\n","protected":false},"excerpt":{"rendered":"<p>Ce set comprend un peigne en spirale de conception unique et un peigne \u00e0 queue en m\u00e9tal. Le peigne en spirale est con\u00e7u avec des dents<span class=\"excerpt-hellip\"> [\u2026]<\/span><\/p>\n","protected":false},"featured_media":173815,"comment_status":"open","ping_status":"closed","template":"","meta":[],"product_cat":[10616],"product_tag":[],"_links":{"self":[{"href":"https:\/\/www.laperlavalles.cat\/fr\/wp-json\/wp\/v2\/product\/119044"}],"collection":[{"href":"https:\/\/www.laperlavalles.cat\/fr\/wp-json\/wp\/v2\/product"}],"about":[{"href":"https:\/\/www.laperlavalles.cat\/fr\/wp-json\/wp\/v2\/types\/product"}],"replies":[{"embeddable":true,"href":"https:\/\/www.laperlavalles.cat\/fr\/wp-json\/wp\/v2\/comments?post=119044"}],"wp:featuredmedia":[{"embeddable":true,"href":"https:\/\/www.laperlavalles.cat\/fr\/wp-json\/wp\/v2\/media\/173815"}],"wp:attachment":[{"href":"https:\/\/www.laperlavalles.cat\/fr\/wp-json\/wp\/v2\/media?parent=119044"}],"wp:term":[{"taxonomy":"product_cat","embeddable":true,"href":"https:\/\/www.laperlavalles.cat\/fr\/wp-json\/wp\/v2\/product_cat?post=119044"},{"taxonomy":"product_tag","embeddable":true,"href":"https:\/\/www.laperlavalles.cat\/fr\/wp-json\/wp\/v2\/product_tag?post=119044"}],"curies":[{"name":"wp","href":"https:\/\/api.w.org\/{rel}","templated":true}]}}