{"id":119124,"date":"2022-05-20T12:22:32","date_gmt":"2022-05-20T10:22:50","guid":{"rendered":"https:\/\/www.laperlavalles.cat\/product\/cantu-acc-detangler-sturdy-brush\/"},"modified":"2024-07-04T15:56:00","modified_gmt":"2024-07-04T13:56:00","slug":"cantu-acc-detangler-sturdy-brush","status":"publish","type":"product","link":"https:\/\/www.laperlavalles.cat\/fr\/produit\/cantu-acc-detangler-sturdy-brush\/","title":{"rendered":"CANTU ACC DETANGLER STURDY BRUSH"},"content":{"rendered":"<p>Cette brosse permet de d\u00e9m\u00ealer facilement les cheveux \u00e9pais ou denses. Les poils plus doux et plus longs p\u00e9n\u00e8trent plus profond\u00e9ment dans les cheveux et le manche antid\u00e9rapant offre une meilleure adh\u00e9rence.<\/p>\n","protected":false},"excerpt":{"rendered":"<p>Cette brosse permet de d\u00e9m\u00ealer facilement les cheveux \u00e9pais ou denses. Les poils plus doux et plus longs p\u00e9n\u00e8trent plus profond\u00e9ment dans les cheveux et le<span class=\"excerpt-hellip\"> [\u2026]<\/span><\/p>\n","protected":false},"featured_media":173911,"comment_status":"open","ping_status":"closed","template":"","meta":[],"product_cat":[10616],"product_tag":[],"_links":{"self":[{"href":"https:\/\/www.laperlavalles.cat\/fr\/wp-json\/wp\/v2\/product\/119124"}],"collection":[{"href":"https:\/\/www.laperlavalles.cat\/fr\/wp-json\/wp\/v2\/product"}],"about":[{"href":"https:\/\/www.laperlavalles.cat\/fr\/wp-json\/wp\/v2\/types\/product"}],"replies":[{"embeddable":true,"href":"https:\/\/www.laperlavalles.cat\/fr\/wp-json\/wp\/v2\/comments?post=119124"}],"wp:featuredmedia":[{"embeddable":true,"href":"https:\/\/www.laperlavalles.cat\/fr\/wp-json\/wp\/v2\/media\/173911"}],"wp:attachment":[{"href":"https:\/\/www.laperlavalles.cat\/fr\/wp-json\/wp\/v2\/media?parent=119124"}],"wp:term":[{"taxonomy":"product_cat","embeddable":true,"href":"https:\/\/www.laperlavalles.cat\/fr\/wp-json\/wp\/v2\/product_cat?post=119124"},{"taxonomy":"product_tag","embeddable":true,"href":"https:\/\/www.laperlavalles.cat\/fr\/wp-json\/wp\/v2\/product_tag?post=119124"}],"curies":[{"name":"wp","href":"https:\/\/api.w.org\/{rel}","templated":true}]}}