{"id":123852,"date":"2022-06-30T12:59:47","date_gmt":"2022-06-30T11:00:05","guid":{"rendered":"https:\/\/www.laperlavalles.cat\/product\/sauce-sriracha-uni-eagle-210ml\/"},"modified":"2024-06-10T19:19:45","modified_gmt":"2024-06-10T17:19:45","slug":"sauce-sriracha-uni-eagle-210ml","status":"publish","type":"product","link":"https:\/\/www.laperlavalles.cat\/fr\/produit\/sauce-sriracha-uni-eagle-210ml\/","title":{"rendered":"SAUCE SRIRACHA UNI-EAGLE 210ML"},"content":{"rendered":"<p>La sauce chili Sriracha Uni-Eagle est une sauce \u00e9pic\u00e9e tr\u00e8s typique d\u2019Asie, en particulier de Tha\u00eflande, \u00e0 base de chili, de vinaigre, de sucre et de sel.<\/p>\n","protected":false},"excerpt":{"rendered":"<p>La sauce chili Sriracha Uni-Eagle est une sauce \u00e9pic\u00e9e tr\u00e8s typique d\u2019Asie, en particulier de Tha\u00eflande, \u00e0 base de chili, de vinaigre, de sucre et de<span class=\"excerpt-hellip\"> [\u2026]<\/span><\/p>\n","protected":false},"featured_media":136654,"comment_status":"open","ping_status":"closed","template":"","meta":[],"product_cat":[10616],"product_tag":[],"_links":{"self":[{"href":"https:\/\/www.laperlavalles.cat\/fr\/wp-json\/wp\/v2\/product\/123852"}],"collection":[{"href":"https:\/\/www.laperlavalles.cat\/fr\/wp-json\/wp\/v2\/product"}],"about":[{"href":"https:\/\/www.laperlavalles.cat\/fr\/wp-json\/wp\/v2\/types\/product"}],"replies":[{"embeddable":true,"href":"https:\/\/www.laperlavalles.cat\/fr\/wp-json\/wp\/v2\/comments?post=123852"}],"wp:featuredmedia":[{"embeddable":true,"href":"https:\/\/www.laperlavalles.cat\/fr\/wp-json\/wp\/v2\/media\/136654"}],"wp:attachment":[{"href":"https:\/\/www.laperlavalles.cat\/fr\/wp-json\/wp\/v2\/media?parent=123852"}],"wp:term":[{"taxonomy":"product_cat","embeddable":true,"href":"https:\/\/www.laperlavalles.cat\/fr\/wp-json\/wp\/v2\/product_cat?post=123852"},{"taxonomy":"product_tag","embeddable":true,"href":"https:\/\/www.laperlavalles.cat\/fr\/wp-json\/wp\/v2\/product_tag?post=123852"}],"curies":[{"name":"wp","href":"https:\/\/api.w.org\/{rel}","templated":true}]}}