{"id":124212,"date":"2022-07-05T12:08:27","date_gmt":"2022-07-05T10:08:45","guid":{"rendered":"https:\/\/www.laperlavalles.cat\/product\/pate-tom-yum-aroy-d-400gr\/"},"modified":"2023-06-23T08:26:19","modified_gmt":"2023-06-23T06:26:19","slug":"pate-tom-yum-aroy-d-400gr","status":"publish","type":"product","link":"https:\/\/www.laperlavalles.cat\/fr\/produit\/pate-tom-yum-aroy-d-400gr\/","title":{"rendered":"P\u00c2TE TOM YUM AROY-D 400GR"},"content":{"rendered":"<p>P\u00e2tes \u00e9pic\u00e9es tha\u00eflandaises.<\/p>\n","protected":false},"excerpt":{"rendered":"<p>P\u00e2tes \u00e9pic\u00e9es tha\u00eflandaises.<\/p>\n","protected":false},"featured_media":158135,"comment_status":"open","ping_status":"closed","template":"","meta":[],"product_cat":[8449,8580],"product_tag":[],"_links":{"self":[{"href":"https:\/\/www.laperlavalles.cat\/fr\/wp-json\/wp\/v2\/product\/124212"}],"collection":[{"href":"https:\/\/www.laperlavalles.cat\/fr\/wp-json\/wp\/v2\/product"}],"about":[{"href":"https:\/\/www.laperlavalles.cat\/fr\/wp-json\/wp\/v2\/types\/product"}],"replies":[{"embeddable":true,"href":"https:\/\/www.laperlavalles.cat\/fr\/wp-json\/wp\/v2\/comments?post=124212"}],"wp:featuredmedia":[{"embeddable":true,"href":"https:\/\/www.laperlavalles.cat\/fr\/wp-json\/wp\/v2\/media\/158135"}],"wp:attachment":[{"href":"https:\/\/www.laperlavalles.cat\/fr\/wp-json\/wp\/v2\/media?parent=124212"}],"wp:term":[{"taxonomy":"product_cat","embeddable":true,"href":"https:\/\/www.laperlavalles.cat\/fr\/wp-json\/wp\/v2\/product_cat?post=124212"},{"taxonomy":"product_tag","embeddable":true,"href":"https:\/\/www.laperlavalles.cat\/fr\/wp-json\/wp\/v2\/product_tag?post=124212"}],"curies":[{"name":"wp","href":"https:\/\/api.w.org\/{rel}","templated":true}]}}