{"id":124272,"date":"2022-07-05T12:12:23","date_gmt":"2022-07-05T10:12:41","guid":{"rendered":"https:\/\/www.laperlavalles.cat\/product\/pate-de-curry-aigre-aroy-d-400gr\/"},"modified":"2023-06-23T08:22:49","modified_gmt":"2023-06-23T06:22:49","slug":"pate-de-curry-aigre-aroy-d-400gr","status":"publish","type":"product","link":"https:\/\/www.laperlavalles.cat\/fr\/produit\/pate-de-curry-aigre-aroy-d-400gr\/","title":{"rendered":"P\u00c2T\u00c9 DE CURRY AIGRE AROY-D 400GR"},"content":{"rendered":"<p>P\u00e2te de curry aigre Aroy-d. P\u00e2tes \u00e9pic\u00e9es tha\u00eflandaises.<\/p>\n","protected":false},"excerpt":{"rendered":"<p>P\u00e2te de curry aigre Aroy-d. P\u00e2tes \u00e9pic\u00e9es tha\u00eflandaises.<\/p>\n","protected":false},"featured_media":158007,"comment_status":"open","ping_status":"closed","template":"","meta":[],"product_cat":[8581,8449],"product_tag":[],"_links":{"self":[{"href":"https:\/\/www.laperlavalles.cat\/fr\/wp-json\/wp\/v2\/product\/124272"}],"collection":[{"href":"https:\/\/www.laperlavalles.cat\/fr\/wp-json\/wp\/v2\/product"}],"about":[{"href":"https:\/\/www.laperlavalles.cat\/fr\/wp-json\/wp\/v2\/types\/product"}],"replies":[{"embeddable":true,"href":"https:\/\/www.laperlavalles.cat\/fr\/wp-json\/wp\/v2\/comments?post=124272"}],"wp:featuredmedia":[{"embeddable":true,"href":"https:\/\/www.laperlavalles.cat\/fr\/wp-json\/wp\/v2\/media\/158007"}],"wp:attachment":[{"href":"https:\/\/www.laperlavalles.cat\/fr\/wp-json\/wp\/v2\/media?parent=124272"}],"wp:term":[{"taxonomy":"product_cat","embeddable":true,"href":"https:\/\/www.laperlavalles.cat\/fr\/wp-json\/wp\/v2\/product_cat?post=124272"},{"taxonomy":"product_tag","embeddable":true,"href":"https:\/\/www.laperlavalles.cat\/fr\/wp-json\/wp\/v2\/product_tag?post=124272"}],"curies":[{"name":"wp","href":"https:\/\/api.w.org\/{rel}","templated":true}]}}