{"id":124292,"date":"2022-07-05T12:13:43","date_gmt":"2022-07-05T10:14:02","guid":{"rendered":"https:\/\/www.laperlavalles.cat\/product\/pousse-de-bamboo-aroy-d-moities-2950gr\/"},"modified":"2023-06-26T07:57:29","modified_gmt":"2023-06-26T05:57:29","slug":"pousse-de-bamboo-aroy-d-moities-2950gr","status":"publish","type":"product","link":"https:\/\/www.laperlavalles.cat\/fr\/produit\/pousse-de-bamboo-aroy-d-moities-2950gr\/","title":{"rendered":"POUSSE DE BAMBOO AROY-D (MOITI\u00c9S) 2950GR"},"content":{"rendered":"<p>Le bambou en conserve Aroy-D est un fruit tropical en conserve d&rsquo;eau id\u00e9al pour une consommation toute l&rsquo;ann\u00e9e. Nous sommes fournisseurs de fruits tropicaux frais et de fruits tropicaux en conserve. Contactez La Perla pour vendre des fruits tropicaux.<\/p>\n","protected":false},"excerpt":{"rendered":"<p>Le bambou en conserve Aroy-D est un fruit tropical en conserve d&rsquo;eau id\u00e9al pour une consommation toute l&rsquo;ann\u00e9e. Nous sommes fournisseurs de fruits tropicaux frais et<span class=\"excerpt-hellip\"> [\u2026]<\/span><\/p>\n","protected":false},"featured_media":143510,"comment_status":"open","ping_status":"closed","template":"","meta":[],"product_cat":[8581,8449],"product_tag":[],"_links":{"self":[{"href":"https:\/\/www.laperlavalles.cat\/fr\/wp-json\/wp\/v2\/product\/124292"}],"collection":[{"href":"https:\/\/www.laperlavalles.cat\/fr\/wp-json\/wp\/v2\/product"}],"about":[{"href":"https:\/\/www.laperlavalles.cat\/fr\/wp-json\/wp\/v2\/types\/product"}],"replies":[{"embeddable":true,"href":"https:\/\/www.laperlavalles.cat\/fr\/wp-json\/wp\/v2\/comments?post=124292"}],"wp:featuredmedia":[{"embeddable":true,"href":"https:\/\/www.laperlavalles.cat\/fr\/wp-json\/wp\/v2\/media\/143510"}],"wp:attachment":[{"href":"https:\/\/www.laperlavalles.cat\/fr\/wp-json\/wp\/v2\/media?parent=124292"}],"wp:term":[{"taxonomy":"product_cat","embeddable":true,"href":"https:\/\/www.laperlavalles.cat\/fr\/wp-json\/wp\/v2\/product_cat?post=124292"},{"taxonomy":"product_tag","embeddable":true,"href":"https:\/\/www.laperlavalles.cat\/fr\/wp-json\/wp\/v2\/product_tag?post=124292"}],"curies":[{"name":"wp","href":"https:\/\/api.w.org\/{rel}","templated":true}]}}