{"id":124612,"date":"2022-07-05T12:55:10","date_gmt":"2022-07-05T10:55:28","guid":{"rendered":"https:\/\/www.laperlavalles.cat\/product\/fufu-plantain-golden-tropics-45kg\/"},"modified":"2024-07-02T21:49:42","modified_gmt":"2024-07-02T19:49:42","slug":"fufu-plantain-golden-tropics-45kg","status":"publish","type":"product","link":"https:\/\/www.laperlavalles.cat\/fr\/produit\/fufu-plantain-golden-tropics-45kg\/","title":{"rendered":"FUFU PLANTAIN GOLDEN TROPICS 4,5KG"},"content":{"rendered":"<p>Le plantain fufu est un produit tr\u00e8s appr\u00e9ci\u00e9 par la communaut\u00e9 africaine. Consultez notre catalogue complet de farines, grains et semoules import\u00e9s.<\/p>\n","protected":false},"excerpt":{"rendered":"<p>Le plantain fufu est un produit tr\u00e8s appr\u00e9ci\u00e9 par la communaut\u00e9 africaine. Consultez notre catalogue complet de farines, grains et semoules import\u00e9s.<\/p>\n","protected":false},"featured_media":144790,"comment_status":"open","ping_status":"closed","template":"","meta":[],"product_cat":[10616],"product_tag":[],"_links":{"self":[{"href":"https:\/\/www.laperlavalles.cat\/fr\/wp-json\/wp\/v2\/product\/124612"}],"collection":[{"href":"https:\/\/www.laperlavalles.cat\/fr\/wp-json\/wp\/v2\/product"}],"about":[{"href":"https:\/\/www.laperlavalles.cat\/fr\/wp-json\/wp\/v2\/types\/product"}],"replies":[{"embeddable":true,"href":"https:\/\/www.laperlavalles.cat\/fr\/wp-json\/wp\/v2\/comments?post=124612"}],"wp:featuredmedia":[{"embeddable":true,"href":"https:\/\/www.laperlavalles.cat\/fr\/wp-json\/wp\/v2\/media\/144790"}],"wp:attachment":[{"href":"https:\/\/www.laperlavalles.cat\/fr\/wp-json\/wp\/v2\/media?parent=124612"}],"wp:term":[{"taxonomy":"product_cat","embeddable":true,"href":"https:\/\/www.laperlavalles.cat\/fr\/wp-json\/wp\/v2\/product_cat?post=124612"},{"taxonomy":"product_tag","embeddable":true,"href":"https:\/\/www.laperlavalles.cat\/fr\/wp-json\/wp\/v2\/product_tag?post=124612"}],"curies":[{"name":"wp","href":"https:\/\/api.w.org\/{rel}","templated":true}]}}