{"id":124812,"date":"2022-07-05T13:36:10","date_gmt":"2022-07-05T11:36:30","guid":{"rendered":"https:\/\/www.laperlavalles.cat\/product\/cantu-acc-detangler-ultra-glide-brush\/"},"modified":"2024-07-04T15:54:57","modified_gmt":"2024-07-04T13:54:57","slug":"cantu-acc-detangler-ultra-glide-brush","status":"publish","type":"product","link":"https:\/\/www.laperlavalles.cat\/fr\/produit\/cantu-acc-detangler-ultra-glide-brush\/","title":{"rendered":"CANTU ACC DETANGLER ULTRA GLIDE BRUSH"},"content":{"rendered":"<p>Cette brosse d\u00e9m\u00ealante a \u00e9t\u00e9 modifi\u00e9e pour glisser facilement dans les cheveux \u00e9pais et boucl\u00e9s. Vous remarquerez qu&rsquo;il manque des rang\u00e9es de poils pour minimiser les cassures et les accrochages pendant le processus de d\u00e9m\u00ealage. Elle est \u00e9galement dot\u00e9e d&rsquo;une base en caoutchouc pour aider \u00e0 d\u00e9finir les boucles et d&rsquo;une poign\u00e9e antid\u00e9rapante pour une meilleure tenue.<\/p>\n","protected":false},"excerpt":{"rendered":"<p>Cette brosse d\u00e9m\u00ealante a \u00e9t\u00e9 modifi\u00e9e pour glisser facilement dans les cheveux \u00e9pais et boucl\u00e9s. Vous remarquerez qu&rsquo;il manque des rang\u00e9es de poils pour minimiser les<span class=\"excerpt-hellip\"> [\u2026]<\/span><\/p>\n","protected":false},"featured_media":173879,"comment_status":"open","ping_status":"closed","template":"","meta":[],"product_cat":[10616],"product_tag":[],"_links":{"self":[{"href":"https:\/\/www.laperlavalles.cat\/fr\/wp-json\/wp\/v2\/product\/124812"}],"collection":[{"href":"https:\/\/www.laperlavalles.cat\/fr\/wp-json\/wp\/v2\/product"}],"about":[{"href":"https:\/\/www.laperlavalles.cat\/fr\/wp-json\/wp\/v2\/types\/product"}],"replies":[{"embeddable":true,"href":"https:\/\/www.laperlavalles.cat\/fr\/wp-json\/wp\/v2\/comments?post=124812"}],"wp:featuredmedia":[{"embeddable":true,"href":"https:\/\/www.laperlavalles.cat\/fr\/wp-json\/wp\/v2\/media\/173879"}],"wp:attachment":[{"href":"https:\/\/www.laperlavalles.cat\/fr\/wp-json\/wp\/v2\/media?parent=124812"}],"wp:term":[{"taxonomy":"product_cat","embeddable":true,"href":"https:\/\/www.laperlavalles.cat\/fr\/wp-json\/wp\/v2\/product_cat?post=124812"},{"taxonomy":"product_tag","embeddable":true,"href":"https:\/\/www.laperlavalles.cat\/fr\/wp-json\/wp\/v2\/product_tag?post=124812"}],"curies":[{"name":"wp","href":"https:\/\/api.w.org\/{rel}","templated":true}]}}