{"id":126487,"date":"2022-07-07T14:25:03","date_gmt":"2022-07-07T12:25:21","guid":{"rendered":"https:\/\/www.laperlavalles.cat\/product\/sauce-sriracha-aroy-d-200ml\/"},"modified":"2024-07-01T16:59:24","modified_gmt":"2024-07-01T14:59:24","slug":"sauce-sriracha-aroy-d-200ml","status":"publish","type":"product","link":"https:\/\/www.laperlavalles.cat\/fr\/produit\/sauce-sriracha-aroy-d-200ml\/","title":{"rendered":"SAUCE SRIRACHA AROY-D 200ML"},"content":{"rendered":"<p>La sauce chili Sriracha Aroy-d est une sauce \u00e9pic\u00e9e tr\u00e8s typique d\u2019Asie, en particulier de Tha\u00eflande, \u00e0 base de chili, de vinaigre, de sucre et de sel.<\/p>\n","protected":false},"excerpt":{"rendered":"<p>La sauce chili Sriracha Aroy-d est une sauce \u00e9pic\u00e9e tr\u00e8s typique d\u2019Asie, en particulier de Tha\u00eflande, \u00e0 base de chili, de vinaigre, de sucre et de<span class=\"excerpt-hellip\"> [\u2026]<\/span><\/p>\n","protected":false},"featured_media":158265,"comment_status":"open","ping_status":"closed","template":"","meta":[],"product_cat":[10616],"product_tag":[],"_links":{"self":[{"href":"https:\/\/www.laperlavalles.cat\/fr\/wp-json\/wp\/v2\/product\/126487"}],"collection":[{"href":"https:\/\/www.laperlavalles.cat\/fr\/wp-json\/wp\/v2\/product"}],"about":[{"href":"https:\/\/www.laperlavalles.cat\/fr\/wp-json\/wp\/v2\/types\/product"}],"replies":[{"embeddable":true,"href":"https:\/\/www.laperlavalles.cat\/fr\/wp-json\/wp\/v2\/comments?post=126487"}],"wp:featuredmedia":[{"embeddable":true,"href":"https:\/\/www.laperlavalles.cat\/fr\/wp-json\/wp\/v2\/media\/158265"}],"wp:attachment":[{"href":"https:\/\/www.laperlavalles.cat\/fr\/wp-json\/wp\/v2\/media?parent=126487"}],"wp:term":[{"taxonomy":"product_cat","embeddable":true,"href":"https:\/\/www.laperlavalles.cat\/fr\/wp-json\/wp\/v2\/product_cat?post=126487"},{"taxonomy":"product_tag","embeddable":true,"href":"https:\/\/www.laperlavalles.cat\/fr\/wp-json\/wp\/v2\/product_tag?post=126487"}],"curies":[{"name":"wp","href":"https:\/\/api.w.org\/{rel}","templated":true}]}}