{"id":127852,"date":"2021-08-23T07:52:35","date_gmt":"2022-10-24T10:09:02","guid":{"rendered":"https:\/\/www.laperlavalles.cat\/product\/cantu-grapeseed-deep-treatment-masque\/"},"modified":"2023-06-23T13:25:03","modified_gmt":"2023-06-23T11:25:03","slug":"cantu-grapeseed-deep-treatment-masque-2","status":"publish","type":"product","link":"https:\/\/www.laperlavalles.cat\/fr\/produit\/cantu-grapeseed-deep-treatment-masque-2\/","title":{"rendered":"CANTU GRAPESEED DEEP TREATMENT MASQUE"},"content":{"rendered":"<p>Cantu Grapeseed Deep Treatment Masque est un masque r\u00e9parateur en profondeur compos\u00e9 principalement de p\u00e9pins de raisin. La marque de cosm\u00e9tiques Cantu est une marque am\u00e9ricaine sp\u00e9cialis\u00e9e dans les produits pour cheveux boucl\u00e9s, ondul\u00e9s et afro. Le masque de traitement en profondeur Cantu Grapeseed fait partie de la gamme de produits Cantu Superfoods.<\/p>\n","protected":false},"excerpt":{"rendered":"<p>Cantu Grapeseed Deep Treatment Masque est un masque r\u00e9parateur en profondeur compos\u00e9 principalement de p\u00e9pins de raisin. La marque de cosm\u00e9tiques Cantu est une marque am\u00e9ricaine<span class=\"excerpt-hellip\"> [\u2026]<\/span><\/p>\n","protected":false},"featured_media":171639,"comment_status":"open","ping_status":"closed","template":"","meta":[],"product_cat":[8461],"product_tag":[],"_links":{"self":[{"href":"https:\/\/www.laperlavalles.cat\/fr\/wp-json\/wp\/v2\/product\/127852"}],"collection":[{"href":"https:\/\/www.laperlavalles.cat\/fr\/wp-json\/wp\/v2\/product"}],"about":[{"href":"https:\/\/www.laperlavalles.cat\/fr\/wp-json\/wp\/v2\/types\/product"}],"replies":[{"embeddable":true,"href":"https:\/\/www.laperlavalles.cat\/fr\/wp-json\/wp\/v2\/comments?post=127852"}],"wp:featuredmedia":[{"embeddable":true,"href":"https:\/\/www.laperlavalles.cat\/fr\/wp-json\/wp\/v2\/media\/171639"}],"wp:attachment":[{"href":"https:\/\/www.laperlavalles.cat\/fr\/wp-json\/wp\/v2\/media?parent=127852"}],"wp:term":[{"taxonomy":"product_cat","embeddable":true,"href":"https:\/\/www.laperlavalles.cat\/fr\/wp-json\/wp\/v2\/product_cat?post=127852"},{"taxonomy":"product_tag","embeddable":true,"href":"https:\/\/www.laperlavalles.cat\/fr\/wp-json\/wp\/v2\/product_tag?post=127852"}],"curies":[{"name":"wp","href":"https:\/\/api.w.org\/{rel}","templated":true}]}}