{"id":127856,"date":"2021-08-23T07:52:15","date_gmt":"2022-10-24T10:14:20","guid":{"rendered":"https:\/\/www.laperlavalles.cat\/product\/cantu-grapeseed-curl-activator-cream\/"},"modified":"2023-06-23T13:24:41","modified_gmt":"2023-06-23T11:24:41","slug":"cantu-grapeseed-curl-activator-cream-2","status":"publish","type":"product","link":"https:\/\/www.laperlavalles.cat\/fr\/produit\/cantu-grapeseed-curl-activator-cream-2\/","title":{"rendered":"CANTU GRAPESEED CURL ACTIVATOR CREAM"},"content":{"rendered":"<p>Cantu Grapeseed curl activator cream. Hydratant activateur de boucles \u00e0 base d&rsquo;huile de p\u00e9pins de raisin et de karit\u00e9.<\/p>\n","protected":false},"excerpt":{"rendered":"<p>Cantu Grapeseed curl activator cream. Hydratant activateur de boucles \u00e0 base d&rsquo;huile de p\u00e9pins de raisin et de karit\u00e9.<\/p>\n","protected":false},"featured_media":171623,"comment_status":"open","ping_status":"closed","template":"","meta":[],"product_cat":[8461],"product_tag":[],"_links":{"self":[{"href":"https:\/\/www.laperlavalles.cat\/fr\/wp-json\/wp\/v2\/product\/127856"}],"collection":[{"href":"https:\/\/www.laperlavalles.cat\/fr\/wp-json\/wp\/v2\/product"}],"about":[{"href":"https:\/\/www.laperlavalles.cat\/fr\/wp-json\/wp\/v2\/types\/product"}],"replies":[{"embeddable":true,"href":"https:\/\/www.laperlavalles.cat\/fr\/wp-json\/wp\/v2\/comments?post=127856"}],"wp:featuredmedia":[{"embeddable":true,"href":"https:\/\/www.laperlavalles.cat\/fr\/wp-json\/wp\/v2\/media\/171623"}],"wp:attachment":[{"href":"https:\/\/www.laperlavalles.cat\/fr\/wp-json\/wp\/v2\/media?parent=127856"}],"wp:term":[{"taxonomy":"product_cat","embeddable":true,"href":"https:\/\/www.laperlavalles.cat\/fr\/wp-json\/wp\/v2\/product_cat?post=127856"},{"taxonomy":"product_tag","embeddable":true,"href":"https:\/\/www.laperlavalles.cat\/fr\/wp-json\/wp\/v2\/product_tag?post=127856"}],"curies":[{"name":"wp","href":"https:\/\/api.w.org\/{rel}","templated":true}]}}