{"id":127860,"date":"2021-08-23T07:51:54","date_gmt":"2022-10-24T10:18:37","guid":{"rendered":"https:\/\/www.laperlavalles.cat\/product\/cantu-grapeseed-curling-cream\/"},"modified":"2023-06-23T13:24:21","modified_gmt":"2023-06-23T11:24:21","slug":"cantu-grapeseed-curling-cream-2","status":"publish","type":"product","link":"https:\/\/www.laperlavalles.cat\/fr\/produit\/cantu-grapeseed-curling-cream-2\/","title":{"rendered":"CANTU GRAPESEED CURLING CREAM"},"content":{"rendered":"<p>Cantu Grapeseed curling cream. Cr\u00e8me d\u00e9finissant les boucles \u00e0 base d&rsquo;huile de p\u00e9pins de raisin et de karit\u00e9.<\/p>\n","protected":false},"excerpt":{"rendered":"<p>Cantu Grapeseed curling cream. Cr\u00e8me d\u00e9finissant les boucles \u00e0 base d&rsquo;huile de p\u00e9pins de raisin et de karit\u00e9.<\/p>\n","protected":false},"featured_media":171607,"comment_status":"open","ping_status":"closed","template":"","meta":[],"product_cat":[8461],"product_tag":[],"_links":{"self":[{"href":"https:\/\/www.laperlavalles.cat\/fr\/wp-json\/wp\/v2\/product\/127860"}],"collection":[{"href":"https:\/\/www.laperlavalles.cat\/fr\/wp-json\/wp\/v2\/product"}],"about":[{"href":"https:\/\/www.laperlavalles.cat\/fr\/wp-json\/wp\/v2\/types\/product"}],"replies":[{"embeddable":true,"href":"https:\/\/www.laperlavalles.cat\/fr\/wp-json\/wp\/v2\/comments?post=127860"}],"wp:featuredmedia":[{"embeddable":true,"href":"https:\/\/www.laperlavalles.cat\/fr\/wp-json\/wp\/v2\/media\/171607"}],"wp:attachment":[{"href":"https:\/\/www.laperlavalles.cat\/fr\/wp-json\/wp\/v2\/media?parent=127860"}],"wp:term":[{"taxonomy":"product_cat","embeddable":true,"href":"https:\/\/www.laperlavalles.cat\/fr\/wp-json\/wp\/v2\/product_cat?post=127860"},{"taxonomy":"product_tag","embeddable":true,"href":"https:\/\/www.laperlavalles.cat\/fr\/wp-json\/wp\/v2\/product_tag?post=127860"}],"curies":[{"name":"wp","href":"https:\/\/api.w.org\/{rel}","templated":true}]}}