{"id":127863,"date":"2021-08-23T07:51:35","date_gmt":"2022-10-24T10:22:35","guid":{"rendered":"https:\/\/www.laperlavalles.cat\/product\/cantu-grapeseed-leave-in-cond-repair-cream\/"},"modified":"2023-06-23T13:24:00","modified_gmt":"2023-06-23T11:24:00","slug":"cantu-grapeseed-leave-in-cond-repair-cream-2","status":"publish","type":"product","link":"https:\/\/www.laperlavalles.cat\/fr\/produit\/cantu-grapeseed-leave-in-cond-repair-cream-2\/","title":{"rendered":"CANTU GRAPESEED LEAVE-IN COND REPAIR CREAM"},"content":{"rendered":"<p>Cantu Grapeseed leave-in conditioner repair cream. Cr\u00e8me r\u00e9paratrice et conditionnante sans rin\u00e7age \u00e0 base d&rsquo;huile de p\u00e9pins de raisin et de karit\u00e9.<\/p>\n","protected":false},"excerpt":{"rendered":"<p>Cantu Grapeseed leave-in conditioner repair cream. Cr\u00e8me r\u00e9paratrice et conditionnante sans rin\u00e7age \u00e0 base d&rsquo;huile de p\u00e9pins de raisin et de karit\u00e9.<\/p>\n","protected":false},"featured_media":171591,"comment_status":"open","ping_status":"closed","template":"","meta":[],"product_cat":[8461],"product_tag":[],"_links":{"self":[{"href":"https:\/\/www.laperlavalles.cat\/fr\/wp-json\/wp\/v2\/product\/127863"}],"collection":[{"href":"https:\/\/www.laperlavalles.cat\/fr\/wp-json\/wp\/v2\/product"}],"about":[{"href":"https:\/\/www.laperlavalles.cat\/fr\/wp-json\/wp\/v2\/types\/product"}],"replies":[{"embeddable":true,"href":"https:\/\/www.laperlavalles.cat\/fr\/wp-json\/wp\/v2\/comments?post=127863"}],"wp:featuredmedia":[{"embeddable":true,"href":"https:\/\/www.laperlavalles.cat\/fr\/wp-json\/wp\/v2\/media\/171591"}],"wp:attachment":[{"href":"https:\/\/www.laperlavalles.cat\/fr\/wp-json\/wp\/v2\/media?parent=127863"}],"wp:term":[{"taxonomy":"product_cat","embeddable":true,"href":"https:\/\/www.laperlavalles.cat\/fr\/wp-json\/wp\/v2\/product_cat?post=127863"},{"taxonomy":"product_tag","embeddable":true,"href":"https:\/\/www.laperlavalles.cat\/fr\/wp-json\/wp\/v2\/product_tag?post=127863"}],"curies":[{"name":"wp","href":"https:\/\/api.w.org\/{rel}","templated":true}]}}