{"id":127865,"date":"2021-08-23T07:51:15","date_gmt":"2022-10-24T10:27:51","guid":{"rendered":"https:\/\/www.laperlavalles.cat\/product\/cantu-grapeseed-conditioner\/"},"modified":"2023-06-23T13:23:39","modified_gmt":"2023-06-23T11:23:39","slug":"cantu-grapeseed-conditioner-2","status":"publish","type":"product","link":"https:\/\/www.laperlavalles.cat\/fr\/produit\/cantu-grapeseed-conditioner-2\/","title":{"rendered":"CANTU GRAPESEED CONDITIONER"},"content":{"rendered":"<p>Cantu Grapeseed conditioner. Revitalisant hydratant \u00e0 base d&rsquo;huile de p\u00e9pins de raisin et de karit\u00e9.<\/p>\n","protected":false},"excerpt":{"rendered":"<p>Cantu Grapeseed conditioner. Revitalisant hydratant \u00e0 base d&rsquo;huile de p\u00e9pins de raisin et de karit\u00e9.<\/p>\n","protected":false},"featured_media":171575,"comment_status":"open","ping_status":"closed","template":"","meta":[],"product_cat":[8461],"product_tag":[],"_links":{"self":[{"href":"https:\/\/www.laperlavalles.cat\/fr\/wp-json\/wp\/v2\/product\/127865"}],"collection":[{"href":"https:\/\/www.laperlavalles.cat\/fr\/wp-json\/wp\/v2\/product"}],"about":[{"href":"https:\/\/www.laperlavalles.cat\/fr\/wp-json\/wp\/v2\/types\/product"}],"replies":[{"embeddable":true,"href":"https:\/\/www.laperlavalles.cat\/fr\/wp-json\/wp\/v2\/comments?post=127865"}],"wp:featuredmedia":[{"embeddable":true,"href":"https:\/\/www.laperlavalles.cat\/fr\/wp-json\/wp\/v2\/media\/171575"}],"wp:attachment":[{"href":"https:\/\/www.laperlavalles.cat\/fr\/wp-json\/wp\/v2\/media?parent=127865"}],"wp:term":[{"taxonomy":"product_cat","embeddable":true,"href":"https:\/\/www.laperlavalles.cat\/fr\/wp-json\/wp\/v2\/product_cat?post=127865"},{"taxonomy":"product_tag","embeddable":true,"href":"https:\/\/www.laperlavalles.cat\/fr\/wp-json\/wp\/v2\/product_tag?post=127865"}],"curies":[{"name":"wp","href":"https:\/\/api.w.org\/{rel}","templated":true}]}}