{"id":127873,"date":"2021-08-23T07:46:56","date_gmt":"2022-10-24T10:33:58","guid":{"rendered":"https:\/\/www.laperlavalles.cat\/product\/ic-hair-polisher-carrot-serum\/"},"modified":"2023-06-23T13:36:47","modified_gmt":"2023-06-23T11:36:47","slug":"ic-hair-polisher-carrot-serum-2","status":"publish","type":"product","link":"https:\/\/www.laperlavalles.cat\/fr\/produit\/ic-hair-polisher-carrot-serum-2\/","title":{"rendered":"IC HAIR POLISHER CARROT SERUM"},"content":{"rendered":"<p>IC Hair Polisher Carrot Serum est un s\u00e9rum de carotte \u00e0 triple action pour \u00e9claircir, renforcer et faire pousser les cheveux.<\/p>\n","protected":false},"excerpt":{"rendered":"<p>IC Hair Polisher Carrot Serum est un s\u00e9rum de carotte \u00e0 triple action pour \u00e9claircir, renforcer et faire pousser les cheveux.<\/p>\n","protected":false},"featured_media":172167,"comment_status":"open","ping_status":"closed","template":"","meta":[],"product_cat":[8461],"product_tag":[],"_links":{"self":[{"href":"https:\/\/www.laperlavalles.cat\/fr\/wp-json\/wp\/v2\/product\/127873"}],"collection":[{"href":"https:\/\/www.laperlavalles.cat\/fr\/wp-json\/wp\/v2\/product"}],"about":[{"href":"https:\/\/www.laperlavalles.cat\/fr\/wp-json\/wp\/v2\/types\/product"}],"replies":[{"embeddable":true,"href":"https:\/\/www.laperlavalles.cat\/fr\/wp-json\/wp\/v2\/comments?post=127873"}],"wp:featuredmedia":[{"embeddable":true,"href":"https:\/\/www.laperlavalles.cat\/fr\/wp-json\/wp\/v2\/media\/172167"}],"wp:attachment":[{"href":"https:\/\/www.laperlavalles.cat\/fr\/wp-json\/wp\/v2\/media?parent=127873"}],"wp:term":[{"taxonomy":"product_cat","embeddable":true,"href":"https:\/\/www.laperlavalles.cat\/fr\/wp-json\/wp\/v2\/product_cat?post=127873"},{"taxonomy":"product_tag","embeddable":true,"href":"https:\/\/www.laperlavalles.cat\/fr\/wp-json\/wp\/v2\/product_tag?post=127873"}],"curies":[{"name":"wp","href":"https:\/\/api.w.org\/{rel}","templated":true}]}}