{"id":127877,"date":"2021-07-13T01:46:45","date_gmt":"2022-10-24T10:36:56","guid":{"rendered":"https:\/\/www.laperlavalles.cat\/product\/ikb-brightening-cream\/"},"modified":"2023-06-23T13:03:20","modified_gmt":"2023-06-23T11:03:20","slug":"ikb-brightening-cream-2","status":"publish","type":"product","link":"https:\/\/www.laperlavalles.cat\/fr\/produit\/ikb-brightening-cream-2\/","title":{"rendered":"IKB BRIGHTENING CREAM"},"content":{"rendered":"<p>Cr\u00e8me hydratante et unifiante pour le teint. Cr\u00e8me hydratante pour la peau, cr\u00e8me hydratante qui \u00e9claircit progressivement la peau et unifie le teint et la texture.<\/p>\n","protected":false},"excerpt":{"rendered":"<p>Cr\u00e8me hydratante et unifiante pour le teint. Cr\u00e8me hydratante pour la peau, cr\u00e8me hydratante qui \u00e9claircit progressivement la peau et unifie le teint et la texture.<\/p>\n","protected":false},"featured_media":170663,"comment_status":"open","ping_status":"closed","template":"","meta":[],"product_cat":[10616],"product_tag":[],"_links":{"self":[{"href":"https:\/\/www.laperlavalles.cat\/fr\/wp-json\/wp\/v2\/product\/127877"}],"collection":[{"href":"https:\/\/www.laperlavalles.cat\/fr\/wp-json\/wp\/v2\/product"}],"about":[{"href":"https:\/\/www.laperlavalles.cat\/fr\/wp-json\/wp\/v2\/types\/product"}],"replies":[{"embeddable":true,"href":"https:\/\/www.laperlavalles.cat\/fr\/wp-json\/wp\/v2\/comments?post=127877"}],"wp:featuredmedia":[{"embeddable":true,"href":"https:\/\/www.laperlavalles.cat\/fr\/wp-json\/wp\/v2\/media\/170663"}],"wp:attachment":[{"href":"https:\/\/www.laperlavalles.cat\/fr\/wp-json\/wp\/v2\/media?parent=127877"}],"wp:term":[{"taxonomy":"product_cat","embeddable":true,"href":"https:\/\/www.laperlavalles.cat\/fr\/wp-json\/wp\/v2\/product_cat?post=127877"},{"taxonomy":"product_tag","embeddable":true,"href":"https:\/\/www.laperlavalles.cat\/fr\/wp-json\/wp\/v2\/product_tag?post=127877"}],"curies":[{"name":"wp","href":"https:\/\/api.w.org\/{rel}","templated":true}]}}