{"id":127880,"date":"2021-07-12T23:08:42","date_gmt":"2022-10-24T10:41:12","guid":{"rendered":"https:\/\/www.laperlavalles.cat\/product\/tomate-concentre-gino-800gr-2\/"},"modified":"2023-06-23T13:07:40","modified_gmt":"2023-06-23T11:07:40","slug":"tomato-paste-gino-800gr-2","status":"publish","type":"product","link":"https:\/\/www.laperlavalles.cat\/fr\/produit\/tomato-paste-gino-800gr-2\/","title":{"rendered":"TOMATE CONCENTR\u00c9 GINO 800GR"},"content":{"rendered":"<p>Tomate concentr\u00e9 Gino. La Perla est un fournisseur de tomates concentr\u00e9es de plusieurs marques internationales prestigieuses : Gino, Domtomate et De Rica.<\/p>\n","protected":false},"excerpt":{"rendered":"<p>Tomate concentr\u00e9 Gino. La Perla est un fournisseur de tomates concentr\u00e9es de plusieurs marques internationales prestigieuses : Gino, Domtomate et De Rica.<\/p>\n","protected":false},"featured_media":170855,"comment_status":"open","ping_status":"closed","template":"","meta":[],"product_cat":[8447],"product_tag":[],"_links":{"self":[{"href":"https:\/\/www.laperlavalles.cat\/fr\/wp-json\/wp\/v2\/product\/127880"}],"collection":[{"href":"https:\/\/www.laperlavalles.cat\/fr\/wp-json\/wp\/v2\/product"}],"about":[{"href":"https:\/\/www.laperlavalles.cat\/fr\/wp-json\/wp\/v2\/types\/product"}],"replies":[{"embeddable":true,"href":"https:\/\/www.laperlavalles.cat\/fr\/wp-json\/wp\/v2\/comments?post=127880"}],"wp:featuredmedia":[{"embeddable":true,"href":"https:\/\/www.laperlavalles.cat\/fr\/wp-json\/wp\/v2\/media\/170855"}],"wp:attachment":[{"href":"https:\/\/www.laperlavalles.cat\/fr\/wp-json\/wp\/v2\/media?parent=127880"}],"wp:term":[{"taxonomy":"product_cat","embeddable":true,"href":"https:\/\/www.laperlavalles.cat\/fr\/wp-json\/wp\/v2\/product_cat?post=127880"},{"taxonomy":"product_tag","embeddable":true,"href":"https:\/\/www.laperlavalles.cat\/fr\/wp-json\/wp\/v2\/product_tag?post=127880"}],"curies":[{"name":"wp","href":"https:\/\/api.w.org\/{rel}","templated":true}]}}