{"id":127888,"date":"2021-07-12T23:07:55","date_gmt":"2022-10-24T11:10:56","guid":{"rendered":"https:\/\/www.laperlavalles.cat\/product\/tomate-concentre-gino-210gr\/"},"modified":"2023-06-23T13:06:58","modified_gmt":"2023-06-23T11:06:58","slug":"tomato-paste-gino-210gr-2","status":"publish","type":"product","link":"https:\/\/www.laperlavalles.cat\/fr\/produit\/tomato-paste-gino-210gr-2\/","title":{"rendered":"TOMATE CONCENTR\u00c9 GINO 210GR"},"content":{"rendered":"<p>Tomate concentr\u00e9 Gino. La Perla est un fournisseur de tomates concentr\u00e9es de plusieurs marques internationales prestigieuses : Gino, Domtomate et De Rica.<\/p>\n","protected":false},"excerpt":{"rendered":"<p>Tomate concentr\u00e9 Gino. La Perla est un fournisseur de tomates concentr\u00e9es de plusieurs marques internationales prestigieuses : Gino, Domtomate et De Rica.<\/p>\n","protected":false},"featured_media":170823,"comment_status":"open","ping_status":"closed","template":"","meta":[],"product_cat":[8447],"product_tag":[],"_links":{"self":[{"href":"https:\/\/www.laperlavalles.cat\/fr\/wp-json\/wp\/v2\/product\/127888"}],"collection":[{"href":"https:\/\/www.laperlavalles.cat\/fr\/wp-json\/wp\/v2\/product"}],"about":[{"href":"https:\/\/www.laperlavalles.cat\/fr\/wp-json\/wp\/v2\/types\/product"}],"replies":[{"embeddable":true,"href":"https:\/\/www.laperlavalles.cat\/fr\/wp-json\/wp\/v2\/comments?post=127888"}],"wp:featuredmedia":[{"embeddable":true,"href":"https:\/\/www.laperlavalles.cat\/fr\/wp-json\/wp\/v2\/media\/170823"}],"wp:attachment":[{"href":"https:\/\/www.laperlavalles.cat\/fr\/wp-json\/wp\/v2\/media?parent=127888"}],"wp:term":[{"taxonomy":"product_cat","embeddable":true,"href":"https:\/\/www.laperlavalles.cat\/fr\/wp-json\/wp\/v2\/product_cat?post=127888"},{"taxonomy":"product_tag","embeddable":true,"href":"https:\/\/www.laperlavalles.cat\/fr\/wp-json\/wp\/v2\/product_tag?post=127888"}],"curies":[{"name":"wp","href":"https:\/\/api.w.org\/{rel}","templated":true}]}}