{"id":127897,"date":"2021-07-12T22:41:53","date_gmt":"2022-10-24T11:22:00","guid":{"rendered":"https:\/\/www.laperlavalles.cat\/product\/fair-white-active-lightening-creme\/"},"modified":"2023-06-23T12:40:56","modified_gmt":"2023-06-23T10:40:56","slug":"fair-white-active-lightening-creme-2","status":"publish","type":"product","link":"https:\/\/www.laperlavalles.cat\/fr\/produit\/fair-white-active-lightening-creme-2\/","title":{"rendered":"FAIR &amp; WHITE ACTIVE LIGHTENING CREME"},"content":{"rendered":"<p>Cr\u00e8me hydratante et unifiante pour le teint. Cr\u00e8me hydratante pour la peau, cr\u00e8me hydratante qui \u00e9claircit progressivement la peau et unifie le teint et la texture.<\/p>\n","protected":false},"excerpt":{"rendered":"<p>Cr\u00e8me hydratante et unifiante pour le teint. Cr\u00e8me hydratante pour la peau, cr\u00e8me hydratante qui \u00e9claircit progressivement la peau et unifie le teint et la texture.<\/p>\n","protected":false},"featured_media":169655,"comment_status":"open","ping_status":"closed","template":"","meta":[],"product_cat":[8461],"product_tag":[],"_links":{"self":[{"href":"https:\/\/www.laperlavalles.cat\/fr\/wp-json\/wp\/v2\/product\/127897"}],"collection":[{"href":"https:\/\/www.laperlavalles.cat\/fr\/wp-json\/wp\/v2\/product"}],"about":[{"href":"https:\/\/www.laperlavalles.cat\/fr\/wp-json\/wp\/v2\/types\/product"}],"replies":[{"embeddable":true,"href":"https:\/\/www.laperlavalles.cat\/fr\/wp-json\/wp\/v2\/comments?post=127897"}],"wp:featuredmedia":[{"embeddable":true,"href":"https:\/\/www.laperlavalles.cat\/fr\/wp-json\/wp\/v2\/media\/169655"}],"wp:attachment":[{"href":"https:\/\/www.laperlavalles.cat\/fr\/wp-json\/wp\/v2\/media?parent=127897"}],"wp:term":[{"taxonomy":"product_cat","embeddable":true,"href":"https:\/\/www.laperlavalles.cat\/fr\/wp-json\/wp\/v2\/product_cat?post=127897"},{"taxonomy":"product_tag","embeddable":true,"href":"https:\/\/www.laperlavalles.cat\/fr\/wp-json\/wp\/v2\/product_tag?post=127897"}],"curies":[{"name":"wp","href":"https:\/\/api.w.org\/{rel}","templated":true}]}}