{"id":127903,"date":"2021-07-12T22:24:46","date_gmt":"2022-10-24T11:27:17","guid":{"rendered":"https:\/\/www.laperlavalles.cat\/product\/polisseuse-de-reparation-des-cheveux-ors\/"},"modified":"2023-06-26T15:34:02","modified_gmt":"2023-06-26T13:34:02","slug":"ors-hair-repair-polisher-2","status":"publish","type":"product","link":"https:\/\/www.laperlavalles.cat\/fr\/produit\/ors-hair-repair-polisher-2\/","title":{"rendered":"POLISSEUSE DE R\u00c9PARATION DES CHEVEUX ORS"},"content":{"rendered":"<p>Polisseuse de r\u00e9\u00e0ration des cheveux ors. Lotion pour briller et hydrater \u00e0 base d&rsquo;huile de noix de coco et de baobab.<\/p>\n","protected":false},"excerpt":{"rendered":"<p>Polisseuse de r\u00e9\u00e0ration des cheveux ors. Lotion pour briller et hydrater \u00e0 base d&rsquo;huile de noix de coco et de baobab.<\/p>\n","protected":false},"featured_media":153267,"comment_status":"open","ping_status":"closed","template":"","meta":[],"product_cat":[8461,24331],"product_tag":[],"_links":{"self":[{"href":"https:\/\/www.laperlavalles.cat\/fr\/wp-json\/wp\/v2\/product\/127903"}],"collection":[{"href":"https:\/\/www.laperlavalles.cat\/fr\/wp-json\/wp\/v2\/product"}],"about":[{"href":"https:\/\/www.laperlavalles.cat\/fr\/wp-json\/wp\/v2\/types\/product"}],"replies":[{"embeddable":true,"href":"https:\/\/www.laperlavalles.cat\/fr\/wp-json\/wp\/v2\/comments?post=127903"}],"wp:featuredmedia":[{"embeddable":true,"href":"https:\/\/www.laperlavalles.cat\/fr\/wp-json\/wp\/v2\/media\/153267"}],"wp:attachment":[{"href":"https:\/\/www.laperlavalles.cat\/fr\/wp-json\/wp\/v2\/media?parent=127903"}],"wp:term":[{"taxonomy":"product_cat","embeddable":true,"href":"https:\/\/www.laperlavalles.cat\/fr\/wp-json\/wp\/v2\/product_cat?post=127903"},{"taxonomy":"product_tag","embeddable":true,"href":"https:\/\/www.laperlavalles.cat\/fr\/wp-json\/wp\/v2\/product_tag?post=127903"}],"curies":[{"name":"wp","href":"https:\/\/api.w.org\/{rel}","templated":true}]}}