{"id":127913,"date":"2021-07-12T22:20:15","date_gmt":"2022-10-24T11:36:02","guid":{"rendered":"https:\/\/www.laperlavalles.cat\/product\/ors-creamy-aloe-shampoo\/"},"modified":"2025-07-10T07:12:30","modified_gmt":"2025-07-10T05:12:30","slug":"ors-creamy-aloe-shampoo-2","status":"publish","type":"product","link":"https:\/\/www.laperlavalles.cat\/fr\/produit\/ors-creamy-aloe-shampoo-2\/","title":{"rendered":"ORS CREAMY ALOE SHAMPOO 12.5OZ"},"content":{"rendered":"<p>Le ORS CREAMY ALOE SHAMPOO 12.5OZ est un shampoing hydratant et purifiant \u00e0 l&rsquo;alo\u00e9 vera, con\u00e7u pour \u00e9liminer les r\u00e9sidus de produits capillaires tout en nourrissant les cheveux et le cuir chevelu.<\/p>\n","protected":false},"excerpt":{"rendered":"<p>Le ORS CREAMY ALOE SHAMPOO 12.5OZ est un shampoing hydratant et purifiant \u00e0 l&rsquo;alo\u00e9 vera, con\u00e7u pour \u00e9liminer les r\u00e9sidus de produits capillaires tout en nourrissant<span class=\"excerpt-hellip\"> [\u2026]<\/span><\/p>\n","protected":false},"featured_media":165639,"comment_status":"open","ping_status":"closed","template":"","meta":[],"product_cat":[8461,24331],"product_tag":[],"_links":{"self":[{"href":"https:\/\/www.laperlavalles.cat\/fr\/wp-json\/wp\/v2\/product\/127913"}],"collection":[{"href":"https:\/\/www.laperlavalles.cat\/fr\/wp-json\/wp\/v2\/product"}],"about":[{"href":"https:\/\/www.laperlavalles.cat\/fr\/wp-json\/wp\/v2\/types\/product"}],"replies":[{"embeddable":true,"href":"https:\/\/www.laperlavalles.cat\/fr\/wp-json\/wp\/v2\/comments?post=127913"}],"wp:featuredmedia":[{"embeddable":true,"href":"https:\/\/www.laperlavalles.cat\/fr\/wp-json\/wp\/v2\/media\/165639"}],"wp:attachment":[{"href":"https:\/\/www.laperlavalles.cat\/fr\/wp-json\/wp\/v2\/media?parent=127913"}],"wp:term":[{"taxonomy":"product_cat","embeddable":true,"href":"https:\/\/www.laperlavalles.cat\/fr\/wp-json\/wp\/v2\/product_cat?post=127913"},{"taxonomy":"product_tag","embeddable":true,"href":"https:\/\/www.laperlavalles.cat\/fr\/wp-json\/wp\/v2\/product_tag?post=127913"}],"curies":[{"name":"wp","href":"https:\/\/api.w.org\/{rel}","templated":true}]}}