{"id":127919,"date":"2021-07-12T22:15:42","date_gmt":"2022-10-24T11:41:26","guid":{"rendered":"https:\/\/www.laperlavalles.cat\/product\/restore-plus-relaxer-super\/"},"modified":"2023-06-23T11:43:50","modified_gmt":"2023-06-23T09:43:50","slug":"restore-plus-relaxer-super-2","status":"publish","type":"product","link":"https:\/\/www.laperlavalles.cat\/fr\/produit\/restore-plus-relaxer-super-2\/","title":{"rendered":"RESTORE PLUS RELAXER SUPER"},"content":{"rendered":"<p>Restore Plus Relaxer Super est une cr\u00e8me lissante pour cheveux boucl\u00e9s, afro ou ondul\u00e9s. Contactez-nous si vous recherchez un fournisseur de produits de d\u00e9frisage afro tels que Dark &amp; Lovely, ORS, Lustre&#8230; <\/p>\n","protected":false},"excerpt":{"rendered":"<p>Restore Plus Relaxer Super est une cr\u00e8me lissante pour cheveux boucl\u00e9s, afro ou ondul\u00e9s. Contactez-nous si vous recherchez un fournisseur de produits de d\u00e9frisage afro tels<span class=\"excerpt-hellip\"> [\u2026]<\/span><\/p>\n","protected":false},"featured_media":167079,"comment_status":"open","ping_status":"closed","template":"","meta":[],"product_cat":[8461],"product_tag":[],"_links":{"self":[{"href":"https:\/\/www.laperlavalles.cat\/fr\/wp-json\/wp\/v2\/product\/127919"}],"collection":[{"href":"https:\/\/www.laperlavalles.cat\/fr\/wp-json\/wp\/v2\/product"}],"about":[{"href":"https:\/\/www.laperlavalles.cat\/fr\/wp-json\/wp\/v2\/types\/product"}],"replies":[{"embeddable":true,"href":"https:\/\/www.laperlavalles.cat\/fr\/wp-json\/wp\/v2\/comments?post=127919"}],"wp:featuredmedia":[{"embeddable":true,"href":"https:\/\/www.laperlavalles.cat\/fr\/wp-json\/wp\/v2\/media\/167079"}],"wp:attachment":[{"href":"https:\/\/www.laperlavalles.cat\/fr\/wp-json\/wp\/v2\/media?parent=127919"}],"wp:term":[{"taxonomy":"product_cat","embeddable":true,"href":"https:\/\/www.laperlavalles.cat\/fr\/wp-json\/wp\/v2\/product_cat?post=127919"},{"taxonomy":"product_tag","embeddable":true,"href":"https:\/\/www.laperlavalles.cat\/fr\/wp-json\/wp\/v2\/product_tag?post=127919"}],"curies":[{"name":"wp","href":"https:\/\/api.w.org\/{rel}","templated":true}]}}