{"id":127944,"date":"2021-07-12T22:08:33","date_gmt":"2022-10-24T12:15:12","guid":{"rendered":"https:\/\/www.laperlavalles.cat\/product\/ors-creme-reparatrice-anti-cupses-des-cheveux\/"},"modified":"2023-06-23T11:32:30","modified_gmt":"2023-06-23T09:32:30","slug":"ors-hairepair-anti-breakage-cond-cream-2","status":"publish","type":"product","link":"https:\/\/www.laperlavalles.cat\/fr\/produit\/ors-hairepair-anti-breakage-cond-cream-2\/","title":{"rendered":"ORS CR\u00c8ME R\u00c9PARATRICE ANTI-CUPSES DES CHEVEUX"},"content":{"rendered":"<p>Ors cr\u00e8me r\u00e9paratrice anti-cupses des cheveux. Cr\u00e8me revitalisante hydratante et anti-casse \u00e0 base d&rsquo;huile de coco et de baobab.<\/p>\n","protected":false},"excerpt":{"rendered":"<p>Ors cr\u00e8me r\u00e9paratrice anti-cupses des cheveux. Cr\u00e8me revitalisante hydratante et anti-casse \u00e0 base d&rsquo;huile de coco et de baobab.<\/p>\n","protected":false},"featured_media":166567,"comment_status":"open","ping_status":"closed","template":"","meta":[],"product_cat":[8461,24331],"product_tag":[],"_links":{"self":[{"href":"https:\/\/www.laperlavalles.cat\/fr\/wp-json\/wp\/v2\/product\/127944"}],"collection":[{"href":"https:\/\/www.laperlavalles.cat\/fr\/wp-json\/wp\/v2\/product"}],"about":[{"href":"https:\/\/www.laperlavalles.cat\/fr\/wp-json\/wp\/v2\/types\/product"}],"replies":[{"embeddable":true,"href":"https:\/\/www.laperlavalles.cat\/fr\/wp-json\/wp\/v2\/comments?post=127944"}],"wp:featuredmedia":[{"embeddable":true,"href":"https:\/\/www.laperlavalles.cat\/fr\/wp-json\/wp\/v2\/media\/166567"}],"wp:attachment":[{"href":"https:\/\/www.laperlavalles.cat\/fr\/wp-json\/wp\/v2\/media?parent=127944"}],"wp:term":[{"taxonomy":"product_cat","embeddable":true,"href":"https:\/\/www.laperlavalles.cat\/fr\/wp-json\/wp\/v2\/product_cat?post=127944"},{"taxonomy":"product_tag","embeddable":true,"href":"https:\/\/www.laperlavalles.cat\/fr\/wp-json\/wp\/v2\/product_tag?post=127944"}],"curies":[{"name":"wp","href":"https:\/\/api.w.org\/{rel}","templated":true}]}}