{"id":127954,"date":"2021-07-12T21:49:36","date_gmt":"2022-10-24T12:27:40","guid":{"rendered":"https:\/\/www.laperlavalles.cat\/product\/organic-olive-oil-relaxer-kit-super\/"},"modified":"2025-03-24T10:46:54","modified_gmt":"2025-03-24T09:46:54","slug":"organic-olive-oil-relaxer-kit-super-2","status":"publish","type":"product","link":"https:\/\/www.laperlavalles.cat\/fr\/produit\/organic-olive-oil-relaxer-kit-super-2\/","title":{"rendered":"ORGANIC OLIVE OIL RELAXER KIT SUPER"},"content":{"rendered":"<p>Le ORS ORGANIC OLIVE OIL KIT SUPER est un kit de d\u00e9frisage ultra-efficace, enrichi en huile d&rsquo;olive biologique, id\u00e9al pour les cheveux \u00e9pais et r\u00e9sistants.<\/p>\n","protected":false},"excerpt":{"rendered":"<p>Le ORS ORGANIC OLIVE OIL KIT SUPER est un kit de d\u00e9frisage ultra-efficace, enrichi en huile d&rsquo;olive biologique, id\u00e9al pour les cheveux \u00e9pais et r\u00e9sistants.<\/p>\n","protected":false},"featured_media":160263,"comment_status":"open","ping_status":"closed","template":"","meta":[],"product_cat":[8461,24331],"product_tag":[],"_links":{"self":[{"href":"https:\/\/www.laperlavalles.cat\/fr\/wp-json\/wp\/v2\/product\/127954"}],"collection":[{"href":"https:\/\/www.laperlavalles.cat\/fr\/wp-json\/wp\/v2\/product"}],"about":[{"href":"https:\/\/www.laperlavalles.cat\/fr\/wp-json\/wp\/v2\/types\/product"}],"replies":[{"embeddable":true,"href":"https:\/\/www.laperlavalles.cat\/fr\/wp-json\/wp\/v2\/comments?post=127954"}],"wp:featuredmedia":[{"embeddable":true,"href":"https:\/\/www.laperlavalles.cat\/fr\/wp-json\/wp\/v2\/media\/160263"}],"wp:attachment":[{"href":"https:\/\/www.laperlavalles.cat\/fr\/wp-json\/wp\/v2\/media?parent=127954"}],"wp:term":[{"taxonomy":"product_cat","embeddable":true,"href":"https:\/\/www.laperlavalles.cat\/fr\/wp-json\/wp\/v2\/product_cat?post=127954"},{"taxonomy":"product_tag","embeddable":true,"href":"https:\/\/www.laperlavalles.cat\/fr\/wp-json\/wp\/v2\/product_tag?post=127954"}],"curies":[{"name":"wp","href":"https:\/\/api.w.org\/{rel}","templated":true}]}}