{"id":128163,"date":"2023-02-02T13:13:04","date_gmt":"2023-02-02T12:13:04","guid":{"rendered":"https:\/\/www.laperlavalles.cat\/product\/nestle-milo-singapur-7\/"},"modified":"2023-02-02T13:13:04","modified_gmt":"2023-02-02T12:13:04","slug":"nestle-milo-singapur-7","status":"publish","type":"product","link":"https:\/\/www.laperlavalles.cat\/fr\/produit\/nestle-milo-singapur-7\/","title":{"rendered":"NESTL\u00c9 MILO SINGAPUR"},"content":{"rendered":"<p>La boisson Nestl\u00e9 Milo Singapour est une boisson \u00e0 base de cacao, de malt et de lait. <\/p>\n","protected":false},"excerpt":{"rendered":"<p>La boisson Nestl\u00e9 Milo Singapour est une boisson \u00e0 base de cacao, de malt et de lait.<\/p>\n","protected":false},"featured_media":128159,"comment_status":"open","ping_status":"closed","template":"","meta":[],"product_cat":[8446,8584],"product_tag":[],"_links":{"self":[{"href":"https:\/\/www.laperlavalles.cat\/fr\/wp-json\/wp\/v2\/product\/128163"}],"collection":[{"href":"https:\/\/www.laperlavalles.cat\/fr\/wp-json\/wp\/v2\/product"}],"about":[{"href":"https:\/\/www.laperlavalles.cat\/fr\/wp-json\/wp\/v2\/types\/product"}],"replies":[{"embeddable":true,"href":"https:\/\/www.laperlavalles.cat\/fr\/wp-json\/wp\/v2\/comments?post=128163"}],"wp:featuredmedia":[{"embeddable":true,"href":"https:\/\/www.laperlavalles.cat\/fr\/wp-json\/wp\/v2\/media\/128159"}],"wp:attachment":[{"href":"https:\/\/www.laperlavalles.cat\/fr\/wp-json\/wp\/v2\/media?parent=128163"}],"wp:term":[{"taxonomy":"product_cat","embeddable":true,"href":"https:\/\/www.laperlavalles.cat\/fr\/wp-json\/wp\/v2\/product_cat?post=128163"},{"taxonomy":"product_tag","embeddable":true,"href":"https:\/\/www.laperlavalles.cat\/fr\/wp-json\/wp\/v2\/product_tag?post=128163"}],"curies":[{"name":"wp","href":"https:\/\/api.w.org\/{rel}","templated":true}]}}