{"id":128398,"date":"2023-02-02T15:37:44","date_gmt":"2023-02-02T14:37:44","guid":{"rendered":"https:\/\/www.laperlavalles.cat\/product\/koh-kae-coconut-cream-peanuts-90gr-6\/"},"modified":"2023-02-02T15:37:44","modified_gmt":"2023-02-02T14:37:44","slug":"koh-kae-coconut-cream-peanuts-90gr-6","status":"publish","type":"product","link":"https:\/\/www.laperlavalles.cat\/fr\/produit\/koh-kae-coconut-cream-peanuts-90gr-6\/","title":{"rendered":"KOH-KAE COCONUT CREAM PEANUTS 90GR"},"content":{"rendered":"<p>Snack d&rsquo;arachide \u00e0 saveur de cr\u00e8me de noix de coco Koh-Kae. Les produits Koh-Kae sont d&rsquo;origine tha\u00eflandaise. La Perla est le distributeur officiel de la marque Koh-Kae.<\/p>\n","protected":false},"excerpt":{"rendered":"<p>Snack d&rsquo;arachide \u00e0 saveur de cr\u00e8me de noix de coco Koh-Kae. Les produits Koh-Kae sont d&rsquo;origine tha\u00eflandaise. La Perla est le distributeur officiel de la marque<span class=\"excerpt-hellip\"> [\u2026]<\/span><\/p>\n","protected":false},"featured_media":128394,"comment_status":"open","ping_status":"closed","template":"","meta":[],"product_cat":[11774,8587],"product_tag":[],"_links":{"self":[{"href":"https:\/\/www.laperlavalles.cat\/fr\/wp-json\/wp\/v2\/product\/128398"}],"collection":[{"href":"https:\/\/www.laperlavalles.cat\/fr\/wp-json\/wp\/v2\/product"}],"about":[{"href":"https:\/\/www.laperlavalles.cat\/fr\/wp-json\/wp\/v2\/types\/product"}],"replies":[{"embeddable":true,"href":"https:\/\/www.laperlavalles.cat\/fr\/wp-json\/wp\/v2\/comments?post=128398"}],"wp:featuredmedia":[{"embeddable":true,"href":"https:\/\/www.laperlavalles.cat\/fr\/wp-json\/wp\/v2\/media\/128394"}],"wp:attachment":[{"href":"https:\/\/www.laperlavalles.cat\/fr\/wp-json\/wp\/v2\/media?parent=128398"}],"wp:term":[{"taxonomy":"product_cat","embeddable":true,"href":"https:\/\/www.laperlavalles.cat\/fr\/wp-json\/wp\/v2\/product_cat?post=128398"},{"taxonomy":"product_tag","embeddable":true,"href":"https:\/\/www.laperlavalles.cat\/fr\/wp-json\/wp\/v2\/product_tag?post=128398"}],"curies":[{"name":"wp","href":"https:\/\/api.w.org\/{rel}","templated":true}]}}