{"id":128618,"date":"2023-02-09T13:28:19","date_gmt":"2023-02-09T12:28:19","guid":{"rendered":"https:\/\/www.laperlavalles.cat\/product\/sauce-aux-huitres-maekrua-300ml-4\/"},"modified":"2023-02-09T13:28:19","modified_gmt":"2023-02-09T12:28:19","slug":"sauce-aux-huitres-maekrua-300ml-4","status":"publish","type":"product","link":"https:\/\/www.laperlavalles.cat\/fr\/produit\/sauce-aux-huitres-maekrua-300ml-4\/","title":{"rendered":"SAUCE AUX HU\u00ceTRES MAEKRUA 300ML"},"content":{"rendered":"<p>Sauce aux hu\u00eetres Maekrua originale de Tha\u00eflande.<\/p>\n","protected":false},"excerpt":{"rendered":"<p>Sauce aux hu\u00eetres Maekrua originale de Tha\u00eflande.<\/p>\n","protected":false},"featured_media":128614,"comment_status":"open","ping_status":"closed","template":"","meta":[],"product_cat":[8449,8580],"product_tag":[],"_links":{"self":[{"href":"https:\/\/www.laperlavalles.cat\/fr\/wp-json\/wp\/v2\/product\/128618"}],"collection":[{"href":"https:\/\/www.laperlavalles.cat\/fr\/wp-json\/wp\/v2\/product"}],"about":[{"href":"https:\/\/www.laperlavalles.cat\/fr\/wp-json\/wp\/v2\/types\/product"}],"replies":[{"embeddable":true,"href":"https:\/\/www.laperlavalles.cat\/fr\/wp-json\/wp\/v2\/comments?post=128618"}],"wp:featuredmedia":[{"embeddable":true,"href":"https:\/\/www.laperlavalles.cat\/fr\/wp-json\/wp\/v2\/media\/128614"}],"wp:attachment":[{"href":"https:\/\/www.laperlavalles.cat\/fr\/wp-json\/wp\/v2\/media?parent=128618"}],"wp:term":[{"taxonomy":"product_cat","embeddable":true,"href":"https:\/\/www.laperlavalles.cat\/fr\/wp-json\/wp\/v2\/product_cat?post=128618"},{"taxonomy":"product_tag","embeddable":true,"href":"https:\/\/www.laperlavalles.cat\/fr\/wp-json\/wp\/v2\/product_tag?post=128618"}],"curies":[{"name":"wp","href":"https:\/\/api.w.org\/{rel}","templated":true}]}}