{"id":128773,"date":"2023-02-09T13:53:55","date_gmt":"2023-02-09T12:53:55","guid":{"rendered":"https:\/\/www.laperlavalles.cat\/product\/sauce-aux-huitres-maekrua-600ml-6\/"},"modified":"2023-02-09T13:53:55","modified_gmt":"2023-02-09T12:53:55","slug":"sauce-aux-huitres-maekrua-600ml-6","status":"publish","type":"product","link":"https:\/\/www.laperlavalles.cat\/fr\/produit\/sauce-aux-huitres-maekrua-600ml-6\/","title":{"rendered":"SAUCE AUX HU\u00ceTRES MAEKRUA 600ML"},"content":{"rendered":"<p>Sauce aux hu\u00eetres Maekrua originale de Tha\u00eflande.<\/p>\n","protected":false},"excerpt":{"rendered":"<p>Sauce aux hu\u00eetres Maekrua originale de Tha\u00eflande.<\/p>\n","protected":false},"featured_media":128769,"comment_status":"open","ping_status":"closed","template":"","meta":[],"product_cat":[8449,8580],"product_tag":[],"_links":{"self":[{"href":"https:\/\/www.laperlavalles.cat\/fr\/wp-json\/wp\/v2\/product\/128773"}],"collection":[{"href":"https:\/\/www.laperlavalles.cat\/fr\/wp-json\/wp\/v2\/product"}],"about":[{"href":"https:\/\/www.laperlavalles.cat\/fr\/wp-json\/wp\/v2\/types\/product"}],"replies":[{"embeddable":true,"href":"https:\/\/www.laperlavalles.cat\/fr\/wp-json\/wp\/v2\/comments?post=128773"}],"wp:featuredmedia":[{"embeddable":true,"href":"https:\/\/www.laperlavalles.cat\/fr\/wp-json\/wp\/v2\/media\/128769"}],"wp:attachment":[{"href":"https:\/\/www.laperlavalles.cat\/fr\/wp-json\/wp\/v2\/media?parent=128773"}],"wp:term":[{"taxonomy":"product_cat","embeddable":true,"href":"https:\/\/www.laperlavalles.cat\/fr\/wp-json\/wp\/v2\/product_cat?post=128773"},{"taxonomy":"product_tag","embeddable":true,"href":"https:\/\/www.laperlavalles.cat\/fr\/wp-json\/wp\/v2\/product_tag?post=128773"}],"curies":[{"name":"wp","href":"https:\/\/api.w.org\/{rel}","templated":true}]}}