{"id":128803,"date":"2023-02-09T13:58:18","date_gmt":"2023-02-09T12:58:18","guid":{"rendered":"https:\/\/www.laperlavalles.cat\/product\/sauce-aux-huitres-maekrua-600ml-8\/"},"modified":"2023-02-09T13:58:18","modified_gmt":"2023-02-09T12:58:18","slug":"sauce-aux-huitres-maekrua-600ml-8","status":"publish","type":"product","link":"https:\/\/www.laperlavalles.cat\/fr\/produit\/sauce-aux-huitres-maekrua-600ml-8\/","title":{"rendered":"SAUCE AUX HU\u00ceTRES MAEKRUA 600ML"},"content":{"rendered":"<p>Sauce aux hu\u00eetres Maekrua originale de Tha\u00eflande.<\/p>\n","protected":false},"excerpt":{"rendered":"<p>Sauce aux hu\u00eetres Maekrua originale de Tha\u00eflande.<\/p>\n","protected":false},"featured_media":128799,"comment_status":"open","ping_status":"closed","template":"","meta":[],"product_cat":[8449,8580],"product_tag":[],"_links":{"self":[{"href":"https:\/\/www.laperlavalles.cat\/fr\/wp-json\/wp\/v2\/product\/128803"}],"collection":[{"href":"https:\/\/www.laperlavalles.cat\/fr\/wp-json\/wp\/v2\/product"}],"about":[{"href":"https:\/\/www.laperlavalles.cat\/fr\/wp-json\/wp\/v2\/types\/product"}],"replies":[{"embeddable":true,"href":"https:\/\/www.laperlavalles.cat\/fr\/wp-json\/wp\/v2\/comments?post=128803"}],"wp:featuredmedia":[{"embeddable":true,"href":"https:\/\/www.laperlavalles.cat\/fr\/wp-json\/wp\/v2\/media\/128799"}],"wp:attachment":[{"href":"https:\/\/www.laperlavalles.cat\/fr\/wp-json\/wp\/v2\/media?parent=128803"}],"wp:term":[{"taxonomy":"product_cat","embeddable":true,"href":"https:\/\/www.laperlavalles.cat\/fr\/wp-json\/wp\/v2\/product_cat?post=128803"},{"taxonomy":"product_tag","embeddable":true,"href":"https:\/\/www.laperlavalles.cat\/fr\/wp-json\/wp\/v2\/product_tag?post=128803"}],"curies":[{"name":"wp","href":"https:\/\/api.w.org\/{rel}","templated":true}]}}