{"id":129383,"date":"2023-02-10T14:53:56","date_gmt":"2023-02-10T13:54:25","guid":{"rendered":"https:\/\/www.laperlavalles.cat\/product\/shito-sauce-mild\/"},"modified":"2025-12-24T15:02:05","modified_gmt":"2025-12-24T14:02:05","slug":"shito-sauce-mild","status":"publish","type":"product","link":"https:\/\/www.laperlavalles.cat\/fr\/produit\/shito-sauce-mild\/","title":{"rendered":"SHITO SAUCE MILD"},"content":{"rendered":"<p>Sauce ghan\u00e9enne \u00e9pic\u00e9e \u00e0 base de fruits de mer, tomates, ail, poivrons et \u00e9pices.<\/p>\n","protected":false},"excerpt":{"rendered":"<p>Sauce ghan\u00e9enne \u00e9pic\u00e9e \u00e0 base de fruits de mer, tomates, ail, poivrons et \u00e9pices.<\/p>\n","protected":false},"featured_media":129366,"comment_status":"open","ping_status":"closed","template":"","meta":[],"product_cat":[10616],"product_tag":[],"_links":{"self":[{"href":"https:\/\/www.laperlavalles.cat\/fr\/wp-json\/wp\/v2\/product\/129383"}],"collection":[{"href":"https:\/\/www.laperlavalles.cat\/fr\/wp-json\/wp\/v2\/product"}],"about":[{"href":"https:\/\/www.laperlavalles.cat\/fr\/wp-json\/wp\/v2\/types\/product"}],"replies":[{"embeddable":true,"href":"https:\/\/www.laperlavalles.cat\/fr\/wp-json\/wp\/v2\/comments?post=129383"}],"wp:featuredmedia":[{"embeddable":true,"href":"https:\/\/www.laperlavalles.cat\/fr\/wp-json\/wp\/v2\/media\/129366"}],"wp:attachment":[{"href":"https:\/\/www.laperlavalles.cat\/fr\/wp-json\/wp\/v2\/media?parent=129383"}],"wp:term":[{"taxonomy":"product_cat","embeddable":true,"href":"https:\/\/www.laperlavalles.cat\/fr\/wp-json\/wp\/v2\/product_cat?post=129383"},{"taxonomy":"product_tag","embeddable":true,"href":"https:\/\/www.laperlavalles.cat\/fr\/wp-json\/wp\/v2\/product_tag?post=129383"}],"curies":[{"name":"wp","href":"https:\/\/api.w.org\/{rel}","templated":true}]}}