{"id":129508,"date":"2023-02-10T15:11:52","date_gmt":"2023-02-10T14:12:21","guid":{"rendered":"https:\/\/www.laperlavalles.cat\/product\/shito-sauce-extra-hot\/"},"modified":"2025-12-04T14:11:41","modified_gmt":"2025-12-04T13:11:41","slug":"shito-sauce-extra-hot","status":"publish","type":"product","link":"https:\/\/www.laperlavalles.cat\/fr\/produit\/shito-sauce-extra-hot\/","title":{"rendered":"SHITO SAUCE EXTRA HOT"},"content":{"rendered":"<p>Sauce ghan\u00e9enne \u00e9pic\u00e9e \u00e0 base de fruits de mer, tomates, ail, poivrons et \u00e9pices.<\/p>\n","protected":false},"excerpt":{"rendered":"<p>Sauce ghan\u00e9enne \u00e9pic\u00e9e \u00e0 base de fruits de mer, tomates, ail, poivrons et \u00e9pices.<\/p>\n","protected":false},"featured_media":135790,"comment_status":"open","ping_status":"closed","template":"","meta":[],"product_cat":[10616],"product_tag":[],"_links":{"self":[{"href":"https:\/\/www.laperlavalles.cat\/fr\/wp-json\/wp\/v2\/product\/129508"}],"collection":[{"href":"https:\/\/www.laperlavalles.cat\/fr\/wp-json\/wp\/v2\/product"}],"about":[{"href":"https:\/\/www.laperlavalles.cat\/fr\/wp-json\/wp\/v2\/types\/product"}],"replies":[{"embeddable":true,"href":"https:\/\/www.laperlavalles.cat\/fr\/wp-json\/wp\/v2\/comments?post=129508"}],"wp:featuredmedia":[{"embeddable":true,"href":"https:\/\/www.laperlavalles.cat\/fr\/wp-json\/wp\/v2\/media\/135790"}],"wp:attachment":[{"href":"https:\/\/www.laperlavalles.cat\/fr\/wp-json\/wp\/v2\/media?parent=129508"}],"wp:term":[{"taxonomy":"product_cat","embeddable":true,"href":"https:\/\/www.laperlavalles.cat\/fr\/wp-json\/wp\/v2\/product_cat?post=129508"},{"taxonomy":"product_tag","embeddable":true,"href":"https:\/\/www.laperlavalles.cat\/fr\/wp-json\/wp\/v2\/product_tag?post=129508"}],"curies":[{"name":"wp","href":"https:\/\/api.w.org\/{rel}","templated":true}]}}