{"id":129633,"date":"2023-02-10T19:22:38","date_gmt":"2023-02-10T18:23:03","guid":{"rendered":"https:\/\/www.laperlavalles.cat\/product\/sauce-aux-huitres-healthy-boy-350g\/"},"modified":"2024-10-01T13:39:40","modified_gmt":"2024-10-01T11:39:40","slug":"sauce-aux-huitres-healthy-boy-350g","status":"publish","type":"product","link":"https:\/\/www.laperlavalles.cat\/fr\/produit\/sauce-aux-huitres-healthy-boy-350g\/","title":{"rendered":"SAUCE AUX HU\u00ceTRES HEALTHY BOY 350G"},"content":{"rendered":"<p>La sauce aux hu\u00eetres est l&rsquo;\u00e2me et l&rsquo;essence de la cuisine chinoise et orientale. Sa saveur est umami avec une touche douce, aromatique et subtile de fruits de mer. Donne \u00e0 la viande une belle couleur dor\u00e9e.<\/p>\n","protected":false},"excerpt":{"rendered":"<p>La sauce aux hu\u00eetres est l&rsquo;\u00e2me et l&rsquo;essence de la cuisine chinoise et orientale. Sa saveur est umami avec une touche douce, aromatique et subtile de<span class=\"excerpt-hellip\"> [\u2026]<\/span><\/p>\n","protected":false},"featured_media":133102,"comment_status":"open","ping_status":"closed","template":"","meta":[],"product_cat":[10616],"product_tag":[],"_links":{"self":[{"href":"https:\/\/www.laperlavalles.cat\/fr\/wp-json\/wp\/v2\/product\/129633"}],"collection":[{"href":"https:\/\/www.laperlavalles.cat\/fr\/wp-json\/wp\/v2\/product"}],"about":[{"href":"https:\/\/www.laperlavalles.cat\/fr\/wp-json\/wp\/v2\/types\/product"}],"replies":[{"embeddable":true,"href":"https:\/\/www.laperlavalles.cat\/fr\/wp-json\/wp\/v2\/comments?post=129633"}],"wp:featuredmedia":[{"embeddable":true,"href":"https:\/\/www.laperlavalles.cat\/fr\/wp-json\/wp\/v2\/media\/133102"}],"wp:attachment":[{"href":"https:\/\/www.laperlavalles.cat\/fr\/wp-json\/wp\/v2\/media?parent=129633"}],"wp:term":[{"taxonomy":"product_cat","embeddable":true,"href":"https:\/\/www.laperlavalles.cat\/fr\/wp-json\/wp\/v2\/product_cat?post=129633"},{"taxonomy":"product_tag","embeddable":true,"href":"https:\/\/www.laperlavalles.cat\/fr\/wp-json\/wp\/v2\/product_tag?post=129633"}],"curies":[{"name":"wp","href":"https:\/\/api.w.org\/{rel}","templated":true}]}}