{"id":129863,"date":"2023-02-10T19:57:21","date_gmt":"2023-02-10T18:57:21","guid":{"rendered":"https:\/\/www.laperlavalles.cat\/product\/sauce-aux-huitres-healthy-boy-815g-8\/"},"modified":"2023-02-10T19:57:21","modified_gmt":"2023-02-10T18:57:21","slug":"sauce-aux-huitres-healthy-boy-815g-8","status":"publish","type":"product","link":"https:\/\/www.laperlavalles.cat\/fr\/produit\/sauce-aux-huitres-healthy-boy-815g-8\/","title":{"rendered":"SAUCE AUX HU\u00ceTRES HEALTHY BOY 815G"},"content":{"rendered":"<p>La sauce aux hu\u00eetres est l&rsquo;\u00e2me et l&rsquo;essence de la cuisine chinoise et orientale. Sa saveur est umami avec une touche douce, aromatique et subtile de fruits de mer. Donne \u00e0 la viande une belle couleur dor\u00e9e.<\/p>\n","protected":false},"excerpt":{"rendered":"<p>La sauce aux hu\u00eetres est l&rsquo;\u00e2me et l&rsquo;essence de la cuisine chinoise et orientale. Sa saveur est umami avec une touche douce, aromatique et subtile de<span class=\"excerpt-hellip\"> [\u2026]<\/span><\/p>\n","protected":false},"featured_media":129859,"comment_status":"open","ping_status":"closed","template":"","meta":[],"product_cat":[8449,8580],"product_tag":[],"_links":{"self":[{"href":"https:\/\/www.laperlavalles.cat\/fr\/wp-json\/wp\/v2\/product\/129863"}],"collection":[{"href":"https:\/\/www.laperlavalles.cat\/fr\/wp-json\/wp\/v2\/product"}],"about":[{"href":"https:\/\/www.laperlavalles.cat\/fr\/wp-json\/wp\/v2\/types\/product"}],"replies":[{"embeddable":true,"href":"https:\/\/www.laperlavalles.cat\/fr\/wp-json\/wp\/v2\/comments?post=129863"}],"wp:featuredmedia":[{"embeddable":true,"href":"https:\/\/www.laperlavalles.cat\/fr\/wp-json\/wp\/v2\/media\/129859"}],"wp:attachment":[{"href":"https:\/\/www.laperlavalles.cat\/fr\/wp-json\/wp\/v2\/media?parent=129863"}],"wp:term":[{"taxonomy":"product_cat","embeddable":true,"href":"https:\/\/www.laperlavalles.cat\/fr\/wp-json\/wp\/v2\/product_cat?post=129863"},{"taxonomy":"product_tag","embeddable":true,"href":"https:\/\/www.laperlavalles.cat\/fr\/wp-json\/wp\/v2\/product_tag?post=129863"}],"curies":[{"name":"wp","href":"https:\/\/api.w.org\/{rel}","templated":true}]}}