{"id":130298,"date":"2023-02-13T12:28:57","date_gmt":"2023-02-13T11:29:26","guid":{"rendered":"https:\/\/www.laperlavalles.cat\/product\/bonbons-a-baton-mangue-begue-2\/"},"modified":"2023-02-13T13:15:23","modified_gmt":"2023-02-13T12:15:23","slug":"bonbons-a-baton-mangue-begue-2","status":"publish","type":"product","link":"https:\/\/www.laperlavalles.cat\/fr\/produit\/bonbons-a-baton-mangue-begue-2\/","title":{"rendered":"BONBONS \u00c0 BAT\u00d4N &#8211; MANGUE BEGU\u00c9"},"content":{"rendered":"<p>Les bonbons Begu\u00e9 sont les c\u00e9l\u00e8bres bonbons originaux du S\u00e9n\u00e9gal.<\/p>\n","protected":false},"excerpt":{"rendered":"<p>Les bonbons Begu\u00e9 sont les c\u00e9l\u00e8bres bonbons originaux du S\u00e9n\u00e9gal.<\/p>\n","protected":false},"featured_media":130281,"comment_status":"open","ping_status":"closed","template":"","meta":[],"product_cat":[10613,8586],"product_tag":[],"_links":{"self":[{"href":"https:\/\/www.laperlavalles.cat\/fr\/wp-json\/wp\/v2\/product\/130298"}],"collection":[{"href":"https:\/\/www.laperlavalles.cat\/fr\/wp-json\/wp\/v2\/product"}],"about":[{"href":"https:\/\/www.laperlavalles.cat\/fr\/wp-json\/wp\/v2\/types\/product"}],"replies":[{"embeddable":true,"href":"https:\/\/www.laperlavalles.cat\/fr\/wp-json\/wp\/v2\/comments?post=130298"}],"wp:featuredmedia":[{"embeddable":true,"href":"https:\/\/www.laperlavalles.cat\/fr\/wp-json\/wp\/v2\/media\/130281"}],"wp:attachment":[{"href":"https:\/\/www.laperlavalles.cat\/fr\/wp-json\/wp\/v2\/media?parent=130298"}],"wp:term":[{"taxonomy":"product_cat","embeddable":true,"href":"https:\/\/www.laperlavalles.cat\/fr\/wp-json\/wp\/v2\/product_cat?post=130298"},{"taxonomy":"product_tag","embeddable":true,"href":"https:\/\/www.laperlavalles.cat\/fr\/wp-json\/wp\/v2\/product_tag?post=130298"}],"curies":[{"name":"wp","href":"https:\/\/api.w.org\/{rel}","templated":true}]}}