{"id":156400,"date":"2023-06-22T17:41:03","date_gmt":"2023-06-22T15:41:27","guid":{"rendered":"https:\/\/www.laperlavalles.cat\/product\/produit-9\/"},"modified":"2024-07-10T16:43:08","modified_gmt":"2024-07-10T14:43:08","slug":"produit-9","status":"publish","type":"product","link":"https:\/\/www.laperlavalles.cat\/fr\/produit\/produit-9\/","title":{"rendered":"BIGEN HOMMES SPEEDY COULEUR -100- NOIR V\u00c9RITABLE"},"content":{"rendered":"<p>est une formule unique contenant des agents de conditionnement (huile d&rsquo;olive, glyc\u00e9rine et pullulan) qui donne une teinte naturelle, de l&rsquo;\u00e9clat et de l&rsquo;humidit\u00e9 en p\u00e9n\u00e9trant profond\u00e9ment dans chaque cheveu. Des r\u00e9sultats naturels et sains. Sans ammoniaque.<\/p>\n","protected":false},"excerpt":{"rendered":"<p>est une formule unique contenant des agents de conditionnement (huile d&rsquo;olive, glyc\u00e9rine et pullulan) qui donne une teinte naturelle, de l&rsquo;\u00e9clat et de l&rsquo;humidit\u00e9 en p\u00e9n\u00e9trant<span class=\"excerpt-hellip\"> [\u2026]<\/span><\/p>\n","protected":false},"featured_media":156383,"comment_status":"open","ping_status":"closed","template":"","meta":[],"product_cat":[8462,8602],"product_tag":[],"_links":{"self":[{"href":"https:\/\/www.laperlavalles.cat\/fr\/wp-json\/wp\/v2\/product\/156400"}],"collection":[{"href":"https:\/\/www.laperlavalles.cat\/fr\/wp-json\/wp\/v2\/product"}],"about":[{"href":"https:\/\/www.laperlavalles.cat\/fr\/wp-json\/wp\/v2\/types\/product"}],"replies":[{"embeddable":true,"href":"https:\/\/www.laperlavalles.cat\/fr\/wp-json\/wp\/v2\/comments?post=156400"}],"wp:featuredmedia":[{"embeddable":true,"href":"https:\/\/www.laperlavalles.cat\/fr\/wp-json\/wp\/v2\/media\/156383"}],"wp:attachment":[{"href":"https:\/\/www.laperlavalles.cat\/fr\/wp-json\/wp\/v2\/media?parent=156400"}],"wp:term":[{"taxonomy":"product_cat","embeddable":true,"href":"https:\/\/www.laperlavalles.cat\/fr\/wp-json\/wp\/v2\/product_cat?post=156400"},{"taxonomy":"product_tag","embeddable":true,"href":"https:\/\/www.laperlavalles.cat\/fr\/wp-json\/wp\/v2\/product_tag?post=156400"}],"curies":[{"name":"wp","href":"https:\/\/api.w.org\/{rel}","templated":true}]}}