{"id":156420,"date":"2023-06-22T17:51:03","date_gmt":"2023-06-22T15:51:28","guid":{"rendered":"https:\/\/www.laperlavalles.cat\/product\/produit-10\/"},"modified":"2024-07-10T16:48:15","modified_gmt":"2024-07-10T14:48:15","slug":"produit-10","status":"publish","type":"product","link":"https:\/\/www.laperlavalles.cat\/fr\/produit\/produit-10\/","title":{"rendered":"BIGEN HOMMES SPEEDY COULEUR &#8211; 105 &#8211; MARRON MOYEN"},"content":{"rendered":"<p>Une formule unique avec des agents conditionnants (huile d&rsquo;olive, glycrine et pullulan) qui donne une teinte naturelle, de l&rsquo;\u00e9clat et de l&rsquo;humidit\u00e9 en p\u00e9n\u00e9trant profond\u00e9ment dans chaque cheveu. Les r\u00e9sultats sont naturels et sains. est sans ammoniaque.<\/p>\n","protected":false},"excerpt":{"rendered":"<p>Une formule unique avec des agents conditionnants (huile d&rsquo;olive, glycrine et pullulan) qui donne une teinte naturelle, de l&rsquo;\u00e9clat et de l&rsquo;humidit\u00e9 en p\u00e9n\u00e9trant profond\u00e9ment dans<span class=\"excerpt-hellip\"> [\u2026]<\/span><\/p>\n","protected":false},"featured_media":156403,"comment_status":"open","ping_status":"closed","template":"","meta":[],"product_cat":[8462,8602],"product_tag":[],"_links":{"self":[{"href":"https:\/\/www.laperlavalles.cat\/fr\/wp-json\/wp\/v2\/product\/156420"}],"collection":[{"href":"https:\/\/www.laperlavalles.cat\/fr\/wp-json\/wp\/v2\/product"}],"about":[{"href":"https:\/\/www.laperlavalles.cat\/fr\/wp-json\/wp\/v2\/types\/product"}],"replies":[{"embeddable":true,"href":"https:\/\/www.laperlavalles.cat\/fr\/wp-json\/wp\/v2\/comments?post=156420"}],"wp:featuredmedia":[{"embeddable":true,"href":"https:\/\/www.laperlavalles.cat\/fr\/wp-json\/wp\/v2\/media\/156403"}],"wp:attachment":[{"href":"https:\/\/www.laperlavalles.cat\/fr\/wp-json\/wp\/v2\/media?parent=156420"}],"wp:term":[{"taxonomy":"product_cat","embeddable":true,"href":"https:\/\/www.laperlavalles.cat\/fr\/wp-json\/wp\/v2\/product_cat?post=156420"},{"taxonomy":"product_tag","embeddable":true,"href":"https:\/\/www.laperlavalles.cat\/fr\/wp-json\/wp\/v2\/product_tag?post=156420"}],"curies":[{"name":"wp","href":"https:\/\/api.w.org\/{rel}","templated":true}]}}