{"id":177457,"date":"2023-09-14T15:41:11","date_gmt":"2023-09-14T13:41:34","guid":{"rendered":"https:\/\/www.laperlavalles.cat\/product\/produit-12\/"},"modified":"2024-09-03T17:10:00","modified_gmt":"2024-09-03T15:10:00","slug":"produit-12","status":"publish","type":"product","link":"https:\/\/www.laperlavalles.cat\/fr\/produit\/produit-12\/","title":{"rendered":"LADY B CUSTARD POWDER 500G"},"content":{"rendered":"<p>Le produit est une base de farine blanche, qui esp\u00e8re former une sauce semblable \u00e0 une cr\u00e8me anglaise qui est m\u00e9lang\u00e9e avec du lait et chauff\u00e9e.<\/p>\n","protected":false},"excerpt":{"rendered":"<p>Le produit est une base de farine blanche, qui esp\u00e8re former une sauce semblable \u00e0 une cr\u00e8me anglaise qui est m\u00e9lang\u00e9e avec du lait et chauff\u00e9e.<\/p>\n","protected":false},"featured_media":177440,"comment_status":"open","ping_status":"closed","template":"","meta":[],"product_cat":[8446,8584],"product_tag":[],"_links":{"self":[{"href":"https:\/\/www.laperlavalles.cat\/fr\/wp-json\/wp\/v2\/product\/177457"}],"collection":[{"href":"https:\/\/www.laperlavalles.cat\/fr\/wp-json\/wp\/v2\/product"}],"about":[{"href":"https:\/\/www.laperlavalles.cat\/fr\/wp-json\/wp\/v2\/types\/product"}],"replies":[{"embeddable":true,"href":"https:\/\/www.laperlavalles.cat\/fr\/wp-json\/wp\/v2\/comments?post=177457"}],"wp:featuredmedia":[{"embeddable":true,"href":"https:\/\/www.laperlavalles.cat\/fr\/wp-json\/wp\/v2\/media\/177440"}],"wp:attachment":[{"href":"https:\/\/www.laperlavalles.cat\/fr\/wp-json\/wp\/v2\/media?parent=177457"}],"wp:term":[{"taxonomy":"product_cat","embeddable":true,"href":"https:\/\/www.laperlavalles.cat\/fr\/wp-json\/wp\/v2\/product_cat?post=177457"},{"taxonomy":"product_tag","embeddable":true,"href":"https:\/\/www.laperlavalles.cat\/fr\/wp-json\/wp\/v2\/product_tag?post=177457"}],"curies":[{"name":"wp","href":"https:\/\/api.w.org\/{rel}","templated":true}]}}