{"id":177662,"date":"2023-10-20T12:01:09","date_gmt":"2023-10-20T10:01:32","guid":{"rendered":"https:\/\/www.laperlavalles.cat\/product\/produit-25\/"},"modified":"2025-11-13T13:50:40","modified_gmt":"2025-11-13T12:50:40","slug":"produit-25","status":"publish","type":"product","link":"https:\/\/www.laperlavalles.cat\/fr\/produit\/produit-25\/","title":{"rendered":"SAUCE SOJA DOUCE FONC\u00c9E 500ML MEGACHEF"},"content":{"rendered":"<p>La SAUCE SOJA DOUCE FONC\u00c9E 500ML MEGACHEF est une sauce de style asiatique \u00e9labor\u00e9e avec de la soja de qualit\u00e9 et du sucre de palme, offrant une saveur douce et profonde. Id\u00e9ale pour mariner, sauter ou comme sauce pour des plats tels que le satay, les nouilles ou les salades<\/p>\n","protected":false},"excerpt":{"rendered":"<p>La SAUCE SOJA DOUCE FONC\u00c9E 500ML MEGACHEF est une sauce de style asiatique \u00e9labor\u00e9e avec de la soja de qualit\u00e9 et du sucre de palme, offrant<span class=\"excerpt-hellip\"> [\u2026]<\/span><\/p>\n","protected":false},"featured_media":177645,"comment_status":"open","ping_status":"closed","template":"","meta":[],"product_cat":[10616],"product_tag":[],"_links":{"self":[{"href":"https:\/\/www.laperlavalles.cat\/fr\/wp-json\/wp\/v2\/product\/177662"}],"collection":[{"href":"https:\/\/www.laperlavalles.cat\/fr\/wp-json\/wp\/v2\/product"}],"about":[{"href":"https:\/\/www.laperlavalles.cat\/fr\/wp-json\/wp\/v2\/types\/product"}],"replies":[{"embeddable":true,"href":"https:\/\/www.laperlavalles.cat\/fr\/wp-json\/wp\/v2\/comments?post=177662"}],"wp:featuredmedia":[{"embeddable":true,"href":"https:\/\/www.laperlavalles.cat\/fr\/wp-json\/wp\/v2\/media\/177645"}],"wp:attachment":[{"href":"https:\/\/www.laperlavalles.cat\/fr\/wp-json\/wp\/v2\/media?parent=177662"}],"wp:term":[{"taxonomy":"product_cat","embeddable":true,"href":"https:\/\/www.laperlavalles.cat\/fr\/wp-json\/wp\/v2\/product_cat?post=177662"},{"taxonomy":"product_tag","embeddable":true,"href":"https:\/\/www.laperlavalles.cat\/fr\/wp-json\/wp\/v2\/product_tag?post=177662"}],"curies":[{"name":"wp","href":"https:\/\/api.w.org\/{rel}","templated":true}]}}