{"id":177761,"date":"2023-10-20T12:11:09","date_gmt":"2023-10-20T10:11:31","guid":{"rendered":"https:\/\/www.laperlavalles.cat\/product\/produit-31\/"},"modified":"2025-12-24T14:41:42","modified_gmt":"2025-12-24T13:41:42","slug":"produit-31","status":"publish","type":"product","link":"https:\/\/www.laperlavalles.cat\/fr\/produit\/produit-31\/","title":{"rendered":"SAUCE AUX ANCHOIS 700ML MEGACHEF"},"content":{"rendered":"<p>La SAUCE AUX ANCHOIS 700ML MEGACHEF est une sauce tha\u00eflandaise de haute qualit\u00e9 \u00e9labor\u00e9e avec des anchois frais et du sel marin, sans conservateurs ni colorants artificiels. Avec une saveur intense et profonde, elle est id\u00e9ale pour mariner, sauter ou comme condiment dans des plats asiatiques tels que le curry, les soupes ou les salades<\/p>\n","protected":false},"excerpt":{"rendered":"<p>La SAUCE AUX ANCHOIS 700ML MEGACHEF est une sauce tha\u00eflandaise de haute qualit\u00e9 \u00e9labor\u00e9e avec des anchois frais et du sel marin, sans conservateurs ni colorants<span class=\"excerpt-hellip\"> [\u2026]<\/span><\/p>\n","protected":false},"featured_media":177740,"comment_status":"open","ping_status":"closed","template":"","meta":[],"product_cat":[10616],"product_tag":[],"_links":{"self":[{"href":"https:\/\/www.laperlavalles.cat\/fr\/wp-json\/wp\/v2\/product\/177761"}],"collection":[{"href":"https:\/\/www.laperlavalles.cat\/fr\/wp-json\/wp\/v2\/product"}],"about":[{"href":"https:\/\/www.laperlavalles.cat\/fr\/wp-json\/wp\/v2\/types\/product"}],"replies":[{"embeddable":true,"href":"https:\/\/www.laperlavalles.cat\/fr\/wp-json\/wp\/v2\/comments?post=177761"}],"wp:featuredmedia":[{"embeddable":true,"href":"https:\/\/www.laperlavalles.cat\/fr\/wp-json\/wp\/v2\/media\/177740"}],"wp:attachment":[{"href":"https:\/\/www.laperlavalles.cat\/fr\/wp-json\/wp\/v2\/media?parent=177761"}],"wp:term":[{"taxonomy":"product_cat","embeddable":true,"href":"https:\/\/www.laperlavalles.cat\/fr\/wp-json\/wp\/v2\/product_cat?post=177761"},{"taxonomy":"product_tag","embeddable":true,"href":"https:\/\/www.laperlavalles.cat\/fr\/wp-json\/wp\/v2\/product_tag?post=177761"}],"curies":[{"name":"wp","href":"https:\/\/api.w.org\/{rel}","templated":true}]}}