{"id":178002,"date":"2023-10-20T12:31:09","date_gmt":"2023-10-20T10:31:31","guid":{"rendered":"https:\/\/www.laperlavalles.cat\/product\/produit-46\/"},"modified":"2025-12-24T15:21:09","modified_gmt":"2025-12-24T14:21:09","slug":"produit-46","status":"publish","type":"product","link":"https:\/\/www.laperlavalles.cat\/fr\/produit\/produit-46\/","title":{"rendered":"SAUCE DE POISSON 4500ML MEGACHEF"},"content":{"rendered":"<p>La SAUCE DE POISSON 4500ML MEGACHEF est une sauce tha\u00eflandaise de haute qualit\u00e9 \u00e9labor\u00e9e avec des anchois frais et du sel marin, sans conservateurs ni colorants artificiels. Avec une saveur intense et profonde, elle est id\u00e9ale pour mariner, sauter ou comme condiment dans des plats asiatiques tels que le curry, les soupes ou les salades<\/p>\n","protected":false},"excerpt":{"rendered":"<p>La SAUCE DE POISSON 4500ML MEGACHEF est une sauce tha\u00eflandaise de haute qualit\u00e9 \u00e9labor\u00e9e avec des anchois frais et du sel marin, sans conservateurs ni colorants<span class=\"excerpt-hellip\"> [\u2026]<\/span><\/p>\n","protected":false},"featured_media":177984,"comment_status":"open","ping_status":"closed","template":"","meta":[],"product_cat":[10616],"product_tag":[],"_links":{"self":[{"href":"https:\/\/www.laperlavalles.cat\/fr\/wp-json\/wp\/v2\/product\/178002"}],"collection":[{"href":"https:\/\/www.laperlavalles.cat\/fr\/wp-json\/wp\/v2\/product"}],"about":[{"href":"https:\/\/www.laperlavalles.cat\/fr\/wp-json\/wp\/v2\/types\/product"}],"replies":[{"embeddable":true,"href":"https:\/\/www.laperlavalles.cat\/fr\/wp-json\/wp\/v2\/comments?post=178002"}],"wp:featuredmedia":[{"embeddable":true,"href":"https:\/\/www.laperlavalles.cat\/fr\/wp-json\/wp\/v2\/media\/177984"}],"wp:attachment":[{"href":"https:\/\/www.laperlavalles.cat\/fr\/wp-json\/wp\/v2\/media?parent=178002"}],"wp:term":[{"taxonomy":"product_cat","embeddable":true,"href":"https:\/\/www.laperlavalles.cat\/fr\/wp-json\/wp\/v2\/product_cat?post=178002"},{"taxonomy":"product_tag","embeddable":true,"href":"https:\/\/www.laperlavalles.cat\/fr\/wp-json\/wp\/v2\/product_tag?post=178002"}],"curies":[{"name":"wp","href":"https:\/\/api.w.org\/{rel}","templated":true}]}}