{"id":178292,"date":"2023-10-20T12:51:09","date_gmt":"2023-10-20T10:51:33","guid":{"rendered":"https:\/\/www.laperlavalles.cat\/product\/produit-64\/"},"modified":"2025-12-24T15:31:17","modified_gmt":"2025-12-24T14:31:17","slug":"produit-64","status":"publish","type":"product","link":"https:\/\/www.laperlavalles.cat\/fr\/produit\/produit-64\/","title":{"rendered":"SAUCE AUX CHAMPIGNONS 5400G MEGACHEF"},"content":{"rendered":"<p>La SAUCE AUX CHAMPIGNONS 5400G MEGACHEF est une sauce tha\u00eflandaise de haute qualit\u00e9 \u00e9labor\u00e9e avec des champignons s\u00e9lectionn\u00e9s, sans conservateurs ni colorants artificiels. Avec une saveur riche et profonde, elle est id\u00e9ale pour mariner, sauter ou comme condiment dans des plats asiatiques tels que le curry, les soupes ou les salades<\/p>\n","protected":false},"excerpt":{"rendered":"<p>La SAUCE AUX CHAMPIGNONS 5400G MEGACHEF est une sauce tha\u00eflandaise de haute qualit\u00e9 \u00e9labor\u00e9e avec des champignons s\u00e9lectionn\u00e9s, sans conservateurs ni colorants artificiels. Avec une saveur<span class=\"excerpt-hellip\"> [\u2026]<\/span><\/p>\n","protected":false},"featured_media":178275,"comment_status":"open","ping_status":"closed","template":"","meta":[],"product_cat":[10616],"product_tag":[],"_links":{"self":[{"href":"https:\/\/www.laperlavalles.cat\/fr\/wp-json\/wp\/v2\/product\/178292"}],"collection":[{"href":"https:\/\/www.laperlavalles.cat\/fr\/wp-json\/wp\/v2\/product"}],"about":[{"href":"https:\/\/www.laperlavalles.cat\/fr\/wp-json\/wp\/v2\/types\/product"}],"replies":[{"embeddable":true,"href":"https:\/\/www.laperlavalles.cat\/fr\/wp-json\/wp\/v2\/comments?post=178292"}],"wp:featuredmedia":[{"embeddable":true,"href":"https:\/\/www.laperlavalles.cat\/fr\/wp-json\/wp\/v2\/media\/178275"}],"wp:attachment":[{"href":"https:\/\/www.laperlavalles.cat\/fr\/wp-json\/wp\/v2\/media?parent=178292"}],"wp:term":[{"taxonomy":"product_cat","embeddable":true,"href":"https:\/\/www.laperlavalles.cat\/fr\/wp-json\/wp\/v2\/product_cat?post=178292"},{"taxonomy":"product_tag","embeddable":true,"href":"https:\/\/www.laperlavalles.cat\/fr\/wp-json\/wp\/v2\/product_tag?post=178292"}],"curies":[{"name":"wp","href":"https:\/\/api.w.org\/{rel}","templated":true}]}}