{"id":178600,"date":"2024-06-05T15:00:13","date_gmt":"2024-06-05T13:00:40","guid":{"rendered":"https:\/\/www.laperlavalles.cat\/product\/produit-78\/"},"modified":"2025-02-28T10:16:16","modified_gmt":"2025-02-28T09:16:16","slug":"produit-78","status":"publish","type":"product","link":"https:\/\/www.laperlavalles.cat\/fr\/produit\/produit-78\/","title":{"rendered":"Huile de s\u00e9same 70% S\u00e9same 30% Soja Pearl River Bridge 1,8l"},"content":{"rendered":"<p>L&rsquo;huile de s\u00e9same 70% s\u00e9same 30% soja est un produit sain et d\u00e9licieux qui peut \u00eatre utilis\u00e9 dans une vari\u00e9t\u00e9 de plats. Elle est compos\u00e9e d&rsquo;un m\u00e9lange de 70 % d&rsquo;huile de s\u00e9same pure et de 30 % d&rsquo;huile de soja, ce qui lui conf\u00e8re une saveur riche et robuste. L&rsquo;huile est une bonne source d&rsquo;acides gras essentiels, qui sont importants pour la sant\u00e9 du c\u0153ur et du cerveau. Elle est \u00e9galement une bonne source de vitamine E, un antioxydant qui aide \u00e0 prot\u00e9ger les cellules contre les dommages.<\/p>\n","protected":false},"excerpt":{"rendered":"<p>L&rsquo;huile de s\u00e9same 70% s\u00e9same 30% soja est un produit sain et d\u00e9licieux qui peut \u00eatre utilis\u00e9 dans une vari\u00e9t\u00e9 de plats. Elle est compos\u00e9e d&rsquo;un<span class=\"excerpt-hellip\"> [\u2026]<\/span><\/p>\n","protected":false},"featured_media":178578,"comment_status":"open","ping_status":"closed","template":"","meta":[],"product_cat":[8449,8580],"product_tag":[],"_links":{"self":[{"href":"https:\/\/www.laperlavalles.cat\/fr\/wp-json\/wp\/v2\/product\/178600"}],"collection":[{"href":"https:\/\/www.laperlavalles.cat\/fr\/wp-json\/wp\/v2\/product"}],"about":[{"href":"https:\/\/www.laperlavalles.cat\/fr\/wp-json\/wp\/v2\/types\/product"}],"replies":[{"embeddable":true,"href":"https:\/\/www.laperlavalles.cat\/fr\/wp-json\/wp\/v2\/comments?post=178600"}],"wp:featuredmedia":[{"embeddable":true,"href":"https:\/\/www.laperlavalles.cat\/fr\/wp-json\/wp\/v2\/media\/178578"}],"wp:attachment":[{"href":"https:\/\/www.laperlavalles.cat\/fr\/wp-json\/wp\/v2\/media?parent=178600"}],"wp:term":[{"taxonomy":"product_cat","embeddable":true,"href":"https:\/\/www.laperlavalles.cat\/fr\/wp-json\/wp\/v2\/product_cat?post=178600"},{"taxonomy":"product_tag","embeddable":true,"href":"https:\/\/www.laperlavalles.cat\/fr\/wp-json\/wp\/v2\/product_tag?post=178600"}],"curies":[{"name":"wp","href":"https:\/\/api.w.org\/{rel}","templated":true}]}}