{"id":179544,"date":"2024-09-23T10:26:08","date_gmt":"2024-09-23T08:26:17","guid":{"rendered":"https:\/\/www.laperlavalles.cat\/product\/produit-93\/"},"modified":"2025-02-18T14:10:45","modified_gmt":"2025-02-18T13:10:45","slug":"produit-93","status":"publish","type":"product","link":"https:\/\/www.laperlavalles.cat\/fr\/produit\/produit-93\/","title":{"rendered":"Soupe l\u00e9g\u00e8re en poudre 120g Ambramart"},"content":{"rendered":"<p>Soup Light Soup Powder est une soupe en poudre l\u00e9g\u00e8re et savoureuse, fabriqu\u00e9e \u00e0 partir d&rsquo;ingr\u00e9dients de haute qualit\u00e9. Elle ne contient ni conservateurs ni ar\u00f4mes artificiels et constitue une bonne source de fibres et de prot\u00e9ines. Soup Light Soup Powder est un moyen rapide et facile de d\u00e9guster une soupe d\u00e9licieuse et nutritive.<\/p>\n","protected":false},"excerpt":{"rendered":"<p>Soup Light Soup Powder est une soupe en poudre l\u00e9g\u00e8re et savoureuse, fabriqu\u00e9e \u00e0 partir d&rsquo;ingr\u00e9dients de haute qualit\u00e9. Elle ne contient ni conservateurs ni ar\u00f4mes<span class=\"excerpt-hellip\"> [\u2026]<\/span><\/p>\n","protected":false},"featured_media":179527,"comment_status":"open","ping_status":"closed","template":"","meta":[],"product_cat":[8588],"product_tag":[],"_links":{"self":[{"href":"https:\/\/www.laperlavalles.cat\/fr\/wp-json\/wp\/v2\/product\/179544"}],"collection":[{"href":"https:\/\/www.laperlavalles.cat\/fr\/wp-json\/wp\/v2\/product"}],"about":[{"href":"https:\/\/www.laperlavalles.cat\/fr\/wp-json\/wp\/v2\/types\/product"}],"replies":[{"embeddable":true,"href":"https:\/\/www.laperlavalles.cat\/fr\/wp-json\/wp\/v2\/comments?post=179544"}],"wp:featuredmedia":[{"embeddable":true,"href":"https:\/\/www.laperlavalles.cat\/fr\/wp-json\/wp\/v2\/media\/179527"}],"wp:attachment":[{"href":"https:\/\/www.laperlavalles.cat\/fr\/wp-json\/wp\/v2\/media?parent=179544"}],"wp:term":[{"taxonomy":"product_cat","embeddable":true,"href":"https:\/\/www.laperlavalles.cat\/fr\/wp-json\/wp\/v2\/product_cat?post=179544"},{"taxonomy":"product_tag","embeddable":true,"href":"https:\/\/www.laperlavalles.cat\/fr\/wp-json\/wp\/v2\/product_tag?post=179544"}],"curies":[{"name":"wp","href":"https:\/\/api.w.org\/{rel}","templated":true}]}}