{"id":179641,"date":"2024-12-18T08:50:29","date_gmt":"2024-12-18T07:50:46","guid":{"rendered":"https:\/\/www.laperlavalles.cat\/product\/wonton-noodles-200g-balikitchen\/"},"modified":"2025-04-22T16:12:04","modified_gmt":"2025-04-22T14:12:04","slug":"wonton-noodles-200g-balikitchen","status":"publish","type":"product","link":"https:\/\/www.laperlavalles.cat\/fr\/produit\/wonton-noodles-200g-balikitchen\/","title":{"rendered":"Wonton Noodles 200g BaliKitchen"},"content":{"rendered":"<p>Nouilles s\u00e9ch\u00e9es \u00e0 l&rsquo;air. Sans ar\u00f4mes artificiels, sans colorants, sans conservateurs et sans MSG. Mode de cuisson : Cuire les nouilles dans l&rsquo;eau bouillante pendant environ 3 minutes. Rincer ensuite \u00e0 l&rsquo;eau froide ou m\u00e9langer 1\/2 cuill\u00e8re \u00e0 soupe d&rsquo;huile v\u00e9g\u00e9tale.<\/p>\n","protected":false},"excerpt":{"rendered":"<p>Nouilles s\u00e9ch\u00e9es \u00e0 l&rsquo;air. Sans ar\u00f4mes artificiels, sans colorants, sans conservateurs et sans MSG. Mode de cuisson : Cuire les nouilles dans l&rsquo;eau bouillante pendant environ<span class=\"excerpt-hellip\"> [\u2026]<\/span><\/p>\n","protected":false},"featured_media":179624,"comment_status":"open","ping_status":"closed","template":"","meta":[],"product_cat":[10616],"product_tag":[],"_links":{"self":[{"href":"https:\/\/www.laperlavalles.cat\/fr\/wp-json\/wp\/v2\/product\/179641"}],"collection":[{"href":"https:\/\/www.laperlavalles.cat\/fr\/wp-json\/wp\/v2\/product"}],"about":[{"href":"https:\/\/www.laperlavalles.cat\/fr\/wp-json\/wp\/v2\/types\/product"}],"replies":[{"embeddable":true,"href":"https:\/\/www.laperlavalles.cat\/fr\/wp-json\/wp\/v2\/comments?post=179641"}],"wp:featuredmedia":[{"embeddable":true,"href":"https:\/\/www.laperlavalles.cat\/fr\/wp-json\/wp\/v2\/media\/179624"}],"wp:attachment":[{"href":"https:\/\/www.laperlavalles.cat\/fr\/wp-json\/wp\/v2\/media?parent=179641"}],"wp:term":[{"taxonomy":"product_cat","embeddable":true,"href":"https:\/\/www.laperlavalles.cat\/fr\/wp-json\/wp\/v2\/product_cat?post=179641"},{"taxonomy":"product_tag","embeddable":true,"href":"https:\/\/www.laperlavalles.cat\/fr\/wp-json\/wp\/v2\/product_tag?post=179641"}],"curies":[{"name":"wp","href":"https:\/\/api.w.org\/{rel}","templated":true}]}}