{"id":179661,"date":"2024-12-18T08:51:22","date_gmt":"2024-12-18T07:51:38","guid":{"rendered":"https:\/\/www.laperlavalles.cat\/product\/nouilles-mie-goreng-200g-balikitchen\/"},"modified":"2025-01-07T14:01:54","modified_gmt":"2025-01-07T13:01:54","slug":"nouilles-mie-goreng-200g-balikitchen","status":"publish","type":"product","link":"https:\/\/www.laperlavalles.cat\/fr\/produit\/nouilles-mie-goreng-200g-balikitchen\/","title":{"rendered":"Nouilles Mie Goreng 200g BaliKitchen"},"content":{"rendered":"<p>Nouilles \u00e0 base de farine de bl\u00e9, de sel, d&rsquo;eau et de curcuma. Produit 100% naturel, sans colorants ni conservateurs artificiels. Id\u00e9ales pour la pr\u00e9paration du c\u00e9l\u00e8bre plat indon\u00e9sien Mie Goreng. Pour les cuire, il suffit de les recouvrir d&rsquo;eau bouillante et d&rsquo;attendre 3 minutes. Elles sont ensuite \u00e9goutt\u00e9es et peuvent \u00eatre ajout\u00e9es au plat de votre choix, qu&rsquo;il s&rsquo;agisse d&rsquo;un bouillon ou d&rsquo;un saut\u00e9.<\/p>\n","protected":false},"excerpt":{"rendered":"<p>Nouilles \u00e0 base de farine de bl\u00e9, de sel, d&rsquo;eau et de curcuma. Produit 100% naturel, sans colorants ni conservateurs artificiels. Id\u00e9ales pour la pr\u00e9paration du<span class=\"excerpt-hellip\"> [\u2026]<\/span><\/p>\n","protected":false},"featured_media":179644,"comment_status":"open","ping_status":"closed","template":"","meta":[],"product_cat":[10616],"product_tag":[],"_links":{"self":[{"href":"https:\/\/www.laperlavalles.cat\/fr\/wp-json\/wp\/v2\/product\/179661"}],"collection":[{"href":"https:\/\/www.laperlavalles.cat\/fr\/wp-json\/wp\/v2\/product"}],"about":[{"href":"https:\/\/www.laperlavalles.cat\/fr\/wp-json\/wp\/v2\/types\/product"}],"replies":[{"embeddable":true,"href":"https:\/\/www.laperlavalles.cat\/fr\/wp-json\/wp\/v2\/comments?post=179661"}],"wp:featuredmedia":[{"embeddable":true,"href":"https:\/\/www.laperlavalles.cat\/fr\/wp-json\/wp\/v2\/media\/179644"}],"wp:attachment":[{"href":"https:\/\/www.laperlavalles.cat\/fr\/wp-json\/wp\/v2\/media?parent=179661"}],"wp:term":[{"taxonomy":"product_cat","embeddable":true,"href":"https:\/\/www.laperlavalles.cat\/fr\/wp-json\/wp\/v2\/product_cat?post=179661"},{"taxonomy":"product_tag","embeddable":true,"href":"https:\/\/www.laperlavalles.cat\/fr\/wp-json\/wp\/v2\/product_tag?post=179661"}],"curies":[{"name":"wp","href":"https:\/\/api.w.org\/{rel}","templated":true}]}}