{"id":179681,"date":"2024-12-18T08:52:14","date_gmt":"2024-12-18T07:52:29","guid":{"rendered":"https:\/\/www.laperlavalles.cat\/product\/nouilles-au-chili-200g-balikitchen\/"},"modified":"2025-01-07T13:51:52","modified_gmt":"2025-01-07T12:51:52","slug":"nouilles-au-chili-200g-balikitchen","status":"publish","type":"product","link":"https:\/\/www.laperlavalles.cat\/fr\/produit\/nouilles-au-chili-200g-balikitchen\/","title":{"rendered":"Nouilles au Chili 200g BaliKitchen"},"content":{"rendered":"<p>Nouilles \u00e0 base de farine de bl\u00e9, de sel, d&rsquo;eau et de curcuma. Produit 100% naturel, sans colorant artificiel ni conservateur. Pour les cuire, il suffit de les recouvrir d&rsquo;eau bouillante et d&rsquo;attendre 3 minutes. Elles sont ensuite \u00e9goutt\u00e9es et peuvent \u00eatre ajout\u00e9es au plat de votre choix, qu&rsquo;il s&rsquo;agisse d&rsquo;un bouillon ou d&rsquo;un saut\u00e9. <\/p>\n","protected":false},"excerpt":{"rendered":"<p>Nouilles \u00e0 base de farine de bl\u00e9, de sel, d&rsquo;eau et de curcuma. Produit 100% naturel, sans colorant artificiel ni conservateur. Pour les cuire, il suffit<span class=\"excerpt-hellip\"> [\u2026]<\/span><\/p>\n","protected":false},"featured_media":179664,"comment_status":"open","ping_status":"closed","template":"","meta":[],"product_cat":[10616],"product_tag":[],"_links":{"self":[{"href":"https:\/\/www.laperlavalles.cat\/fr\/wp-json\/wp\/v2\/product\/179681"}],"collection":[{"href":"https:\/\/www.laperlavalles.cat\/fr\/wp-json\/wp\/v2\/product"}],"about":[{"href":"https:\/\/www.laperlavalles.cat\/fr\/wp-json\/wp\/v2\/types\/product"}],"replies":[{"embeddable":true,"href":"https:\/\/www.laperlavalles.cat\/fr\/wp-json\/wp\/v2\/comments?post=179681"}],"wp:featuredmedia":[{"embeddable":true,"href":"https:\/\/www.laperlavalles.cat\/fr\/wp-json\/wp\/v2\/media\/179664"}],"wp:attachment":[{"href":"https:\/\/www.laperlavalles.cat\/fr\/wp-json\/wp\/v2\/media?parent=179681"}],"wp:term":[{"taxonomy":"product_cat","embeddable":true,"href":"https:\/\/www.laperlavalles.cat\/fr\/wp-json\/wp\/v2\/product_cat?post=179681"},{"taxonomy":"product_tag","embeddable":true,"href":"https:\/\/www.laperlavalles.cat\/fr\/wp-json\/wp\/v2\/product_tag?post=179681"}],"curies":[{"name":"wp","href":"https:\/\/api.w.org\/{rel}","templated":true}]}}