{"id":179701,"date":"2024-12-18T08:53:06","date_gmt":"2024-12-18T07:53:22","guid":{"rendered":"https:\/\/www.laperlavalles.cat\/product\/legumes-fideos-200g-balikitchen\/"},"modified":"2026-04-09T15:23:02","modified_gmt":"2026-04-09T13:23:02","slug":"legumes-fideos-200g-balikitchen","status":"publish","type":"product","link":"https:\/\/www.laperlavalles.cat\/fr\/produit\/legumes-fideos-200g-balikitchen\/","title":{"rendered":"L\u00e9gumes Fideos 200g BaliKitchen"},"content":{"rendered":"<p>Ces d\u00e9licieuses nouilles riches en l\u00e9gumes sont l&rsquo;accompagnement parfait de vos plats sains et savoureux. Id\u00e9ales pour un repas rapide, un en-cas l\u00e9ger ou comme base pour vos cr\u00e9ations culinaires.<\/p>\n","protected":false},"excerpt":{"rendered":"<p>Ces d\u00e9licieuses nouilles riches en l\u00e9gumes sont l&rsquo;accompagnement parfait de vos plats sains et savoureux. Id\u00e9ales pour un repas rapide, un en-cas l\u00e9ger ou comme base<span class=\"excerpt-hellip\"> [\u2026]<\/span><\/p>\n","protected":false},"featured_media":179684,"comment_status":"open","ping_status":"closed","template":"","meta":[],"product_cat":[10616],"product_tag":[],"_links":{"self":[{"href":"https:\/\/www.laperlavalles.cat\/fr\/wp-json\/wp\/v2\/product\/179701"}],"collection":[{"href":"https:\/\/www.laperlavalles.cat\/fr\/wp-json\/wp\/v2\/product"}],"about":[{"href":"https:\/\/www.laperlavalles.cat\/fr\/wp-json\/wp\/v2\/types\/product"}],"replies":[{"embeddable":true,"href":"https:\/\/www.laperlavalles.cat\/fr\/wp-json\/wp\/v2\/comments?post=179701"}],"wp:featuredmedia":[{"embeddable":true,"href":"https:\/\/www.laperlavalles.cat\/fr\/wp-json\/wp\/v2\/media\/179684"}],"wp:attachment":[{"href":"https:\/\/www.laperlavalles.cat\/fr\/wp-json\/wp\/v2\/media?parent=179701"}],"wp:term":[{"taxonomy":"product_cat","embeddable":true,"href":"https:\/\/www.laperlavalles.cat\/fr\/wp-json\/wp\/v2\/product_cat?post=179701"},{"taxonomy":"product_tag","embeddable":true,"href":"https:\/\/www.laperlavalles.cat\/fr\/wp-json\/wp\/v2\/product_tag?post=179701"}],"curies":[{"name":"wp","href":"https:\/\/api.w.org\/{rel}","templated":true}]}}