{"id":179846,"date":"2024-12-18T09:08:06","date_gmt":"2024-12-18T08:08:21","guid":{"rendered":"https:\/\/www.laperlavalles.cat\/product\/sauce-soja-sucree-ketjap-manis-200ml-balikitchen\/"},"modified":"2025-01-07T11:18:30","modified_gmt":"2025-01-07T10:18:30","slug":"sauce-soja-sucree-ketjap-manis-200ml-balikitchen","status":"publish","type":"product","link":"https:\/\/www.laperlavalles.cat\/fr\/produit\/sauce-soja-sucree-ketjap-manis-200ml-balikitchen\/","title":{"rendered":"Sauce soja sucr\u00e9e (KetJap Manis) 200ml BaliKitchen"},"content":{"rendered":"<p>La sauce soja sucr\u00e9e est principalement utilis\u00e9e dans la cuisine indon\u00e9sienne. Avec un riche m\u00e9lange de sucre de palme et d&rsquo;\u00e9pices, c&rsquo;est un ingr\u00e9dient indispensable pour le Nasi Gorengund et d&rsquo;autres plats saut\u00e9s. La sauce soja sucr\u00e9e de Bali Kitchen est fabriqu\u00e9e sans colorants ni conservateurs artificiels.<\/p>\n","protected":false},"excerpt":{"rendered":"<p>La sauce soja sucr\u00e9e est principalement utilis\u00e9e dans la cuisine indon\u00e9sienne. Avec un riche m\u00e9lange de sucre de palme et d&rsquo;\u00e9pices, c&rsquo;est un ingr\u00e9dient indispensable pour<span class=\"excerpt-hellip\"> [\u2026]<\/span><\/p>\n","protected":false},"featured_media":179829,"comment_status":"open","ping_status":"closed","template":"","meta":[],"product_cat":[8449,8580],"product_tag":[],"_links":{"self":[{"href":"https:\/\/www.laperlavalles.cat\/fr\/wp-json\/wp\/v2\/product\/179846"}],"collection":[{"href":"https:\/\/www.laperlavalles.cat\/fr\/wp-json\/wp\/v2\/product"}],"about":[{"href":"https:\/\/www.laperlavalles.cat\/fr\/wp-json\/wp\/v2\/types\/product"}],"replies":[{"embeddable":true,"href":"https:\/\/www.laperlavalles.cat\/fr\/wp-json\/wp\/v2\/comments?post=179846"}],"wp:featuredmedia":[{"embeddable":true,"href":"https:\/\/www.laperlavalles.cat\/fr\/wp-json\/wp\/v2\/media\/179829"}],"wp:attachment":[{"href":"https:\/\/www.laperlavalles.cat\/fr\/wp-json\/wp\/v2\/media?parent=179846"}],"wp:term":[{"taxonomy":"product_cat","embeddable":true,"href":"https:\/\/www.laperlavalles.cat\/fr\/wp-json\/wp\/v2\/product_cat?post=179846"},{"taxonomy":"product_tag","embeddable":true,"href":"https:\/\/www.laperlavalles.cat\/fr\/wp-json\/wp\/v2\/product_tag?post=179846"}],"curies":[{"name":"wp","href":"https:\/\/api.w.org\/{rel}","templated":true}]}}