{"id":179896,"date":"2024-12-18T09:10:32","date_gmt":"2024-12-18T08:10:48","guid":{"rendered":"https:\/\/www.laperlavalles.cat\/product\/melange-dassaisonnement-pour-le-riz-frit-nasi-goreng-50g-balikitchen\/"},"modified":"2025-04-22T15:11:54","modified_gmt":"2025-04-22T13:11:54","slug":"melange-dassaisonnement-pour-le-riz-frit-nasi-goreng-50g-balikitchen","status":"publish","type":"product","link":"https:\/\/www.laperlavalles.cat\/fr\/produit\/melange-dassaisonnement-pour-le-riz-frit-nasi-goreng-50g-balikitchen\/","title":{"rendered":"M\u00e9lange d&rsquo;assaisonnement pour le riz frit Nasi Goreng 50g BaliKitchen"},"content":{"rendered":"<p>Faire chauffer l&rsquo;huile dans une po\u00eale \u00e0 frire. Ajouter les l\u00e9gumes, le poisson et les fruits de mer et remuer jusqu&rsquo;\u00e0 ce qu&rsquo;ils soient cuits. Ajouter le riz cuit et la p\u00e2te d&rsquo;assaisonnement et bien m\u00e9langer. Servir imm\u00e9diatement.<\/p>\n","protected":false},"excerpt":{"rendered":"<p>Faire chauffer l&rsquo;huile dans une po\u00eale \u00e0 frire. Ajouter les l\u00e9gumes, le poisson et les fruits de mer et remuer jusqu&rsquo;\u00e0 ce qu&rsquo;ils soient cuits. Ajouter<span class=\"excerpt-hellip\"> [\u2026]<\/span><\/p>\n","protected":false},"featured_media":179879,"comment_status":"open","ping_status":"closed","template":"","meta":[],"product_cat":[8449,8580],"product_tag":[],"_links":{"self":[{"href":"https:\/\/www.laperlavalles.cat\/fr\/wp-json\/wp\/v2\/product\/179896"}],"collection":[{"href":"https:\/\/www.laperlavalles.cat\/fr\/wp-json\/wp\/v2\/product"}],"about":[{"href":"https:\/\/www.laperlavalles.cat\/fr\/wp-json\/wp\/v2\/types\/product"}],"replies":[{"embeddable":true,"href":"https:\/\/www.laperlavalles.cat\/fr\/wp-json\/wp\/v2\/comments?post=179896"}],"wp:featuredmedia":[{"embeddable":true,"href":"https:\/\/www.laperlavalles.cat\/fr\/wp-json\/wp\/v2\/media\/179879"}],"wp:attachment":[{"href":"https:\/\/www.laperlavalles.cat\/fr\/wp-json\/wp\/v2\/media?parent=179896"}],"wp:term":[{"taxonomy":"product_cat","embeddable":true,"href":"https:\/\/www.laperlavalles.cat\/fr\/wp-json\/wp\/v2\/product_cat?post=179896"},{"taxonomy":"product_tag","embeddable":true,"href":"https:\/\/www.laperlavalles.cat\/fr\/wp-json\/wp\/v2\/product_tag?post=179896"}],"curies":[{"name":"wp","href":"https:\/\/api.w.org\/{rel}","templated":true}]}}