{"id":179916,"date":"2024-12-18T09:11:20","date_gmt":"2024-12-18T08:11:35","guid":{"rendered":"https:\/\/www.laperlavalles.cat\/product\/sauce-bami-goreng-50-g-balikitchen\/"},"modified":"2025-04-22T15:31:53","modified_gmt":"2025-04-22T13:31:53","slug":"sauce-bami-goreng-50-g-balikitchen","status":"publish","type":"product","link":"https:\/\/www.laperlavalles.cat\/fr\/produit\/sauce-bami-goreng-50-g-balikitchen\/","title":{"rendered":"Sauce Bami Goreng 50 g BaliKitchen"},"content":{"rendered":"<p>La sauce \u00e9pic\u00e9e Bami Goreng de Bali Kitchen est utilis\u00e9e pour pr\u00e9parer le plat indon\u00e9sien authentique Bami Goreng, avec un m\u00e9lange \u00e9pic\u00e9 d&rsquo;herbes aromatiques et d&rsquo;\u00e9pices.<\/p>\n","protected":false},"excerpt":{"rendered":"<p>La sauce \u00e9pic\u00e9e Bami Goreng de Bali Kitchen est utilis\u00e9e pour pr\u00e9parer le plat indon\u00e9sien authentique Bami Goreng, avec un m\u00e9lange \u00e9pic\u00e9 d&rsquo;herbes aromatiques et d&rsquo;\u00e9pices.<\/p>\n","protected":false},"featured_media":179899,"comment_status":"open","ping_status":"closed","template":"","meta":[],"product_cat":[8449,8580],"product_tag":[],"_links":{"self":[{"href":"https:\/\/www.laperlavalles.cat\/fr\/wp-json\/wp\/v2\/product\/179916"}],"collection":[{"href":"https:\/\/www.laperlavalles.cat\/fr\/wp-json\/wp\/v2\/product"}],"about":[{"href":"https:\/\/www.laperlavalles.cat\/fr\/wp-json\/wp\/v2\/types\/product"}],"replies":[{"embeddable":true,"href":"https:\/\/www.laperlavalles.cat\/fr\/wp-json\/wp\/v2\/comments?post=179916"}],"wp:featuredmedia":[{"embeddable":true,"href":"https:\/\/www.laperlavalles.cat\/fr\/wp-json\/wp\/v2\/media\/179899"}],"wp:attachment":[{"href":"https:\/\/www.laperlavalles.cat\/fr\/wp-json\/wp\/v2\/media?parent=179916"}],"wp:term":[{"taxonomy":"product_cat","embeddable":true,"href":"https:\/\/www.laperlavalles.cat\/fr\/wp-json\/wp\/v2\/product_cat?post=179916"},{"taxonomy":"product_tag","embeddable":true,"href":"https:\/\/www.laperlavalles.cat\/fr\/wp-json\/wp\/v2\/product_tag?post=179916"}],"curies":[{"name":"wp","href":"https:\/\/api.w.org\/{rel}","templated":true}]}}